{"id":753,"date":"2023-02-21T11:20:15","date_gmt":"2023-02-21T11:20:15","guid":{"rendered":"http:\/\/janadamek.malopolska.pl\/?page_id=753"},"modified":"2023-02-21T11:30:30","modified_gmt":"2023-02-21T11:30:30","slug":"akordeon-podrecznik","status":"publish","type":"page","link":"https:\/\/janadamek.malopolska.pl\/index.php\/akordeon-podrecznik\/","title":{"rendered":"Akordeon &#8211; podr\u0119cznik"},"content":{"rendered":"\n<p class=\"has-text-align-center\">powr\u00f3t<a href=\"http:\/\/janadamek.malopolska.pl\/index.php\/dokumenty\"> DOKUMENTY<\/a><\/p>\n\n\n\n<figure class=\"wp-block-image size-large\"><img loading=\"lazy\" decoding=\"async\" width=\"724\" height=\"1024\" src=\"http:\/\/janadamek.malopolska.pl\/wp-content\/uploads\/2023\/02\/Akordeon-724x1024.jpg\" alt=\"\" class=\"wp-image-756\" srcset=\"https:\/\/janadamek.malopolska.pl\/wp-content\/uploads\/2023\/02\/Akordeon-724x1024.jpg 724w, https:\/\/janadamek.malopolska.pl\/wp-content\/uploads\/2023\/02\/Akordeon-212x300.jpg 212w, https:\/\/janadamek.malopolska.pl\/wp-content\/uploads\/2023\/02\/Akordeon-768x1086.jpg 768w, https:\/\/janadamek.malopolska.pl\/wp-content\/uploads\/2023\/02\/Akordeon-1087x1536.jpg 1087w, https:\/\/janadamek.malopolska.pl\/wp-content\/uploads\/2023\/02\/Akordeon-1449x2048.jpg 1449w, https:\/\/janadamek.malopolska.pl\/wp-content\/uploads\/2023\/02\/Akordeon-1200x1696.jpg 1200w, https:\/\/janadamek.malopolska.pl\/wp-content\/uploads\/2023\/02\/Akordeon.jpg 1654w\" sizes=\"auto, (max-width: 724px) 100vw, 724px\" \/><figcaption class=\"wp-element-caption\">Akordeon &#8211; podr\u0119cznik do nauki gry w j\u0119zykach angielsko &#8211; w\u0142oskim<\/figcaption><\/figure>\n\n\n\n<figure class=\"wp-block-image alignwide size-large\"><img loading=\"lazy\" decoding=\"async\" width=\"1024\" height=\"670\" src=\"http:\/\/janadamek.malopolska.pl\/wp-content\/uploads\/2023\/02\/Akordeon1-1024x670.jpg\" alt=\"\" class=\"wp-image-757\" srcset=\"https:\/\/janadamek.malopolska.pl\/wp-content\/uploads\/2023\/02\/Akordeon1-1024x670.jpg 1024w, https:\/\/janadamek.malopolska.pl\/wp-content\/uploads\/2023\/02\/Akordeon1-300x196.jpg 300w, https:\/\/janadamek.malopolska.pl\/wp-content\/uploads\/2023\/02\/Akordeon1-768x502.jpg 768w, https:\/\/janadamek.malopolska.pl\/wp-content\/uploads\/2023\/02\/Akordeon1-1200x785.jpg 1200w, https:\/\/janadamek.malopolska.pl\/wp-content\/uploads\/2023\/02\/Akordeon1.jpg 1416w\" sizes=\"auto, (max-width: 1024px) 100vw, 1024px\" \/><\/figure>\n\n\n\n<figure class=\"wp-block-image size-large\"><img loading=\"lazy\" decoding=\"async\" width=\"724\" height=\"1024\" src=\"http:\/\/janadamek.malopolska.pl\/wp-content\/uploads\/2023\/02\/Akordeon-tytul-724x1024.jpg\" alt=\"\" class=\"wp-image-758\" srcset=\"https:\/\/janadamek.malopolska.pl\/wp-content\/uploads\/2023\/02\/Akordeon-tytul-724x1024.jpg 724w, https:\/\/janadamek.malopolska.pl\/wp-content\/uploads\/2023\/02\/Akordeon-tytul-212x300.jpg 212w, https:\/\/janadamek.malopolska.pl\/wp-content\/uploads\/2023\/02\/Akordeon-tytul-768x1086.jpg 768w, https:\/\/janadamek.malopolska.pl\/wp-content\/uploads\/2023\/02\/Akordeon-tytul-1087x1536.jpg 1087w, https:\/\/janadamek.malopolska.pl\/wp-content\/uploads\/2023\/02\/Akordeon-tytul-1449x2048.jpg 1449w, https:\/\/janadamek.malopolska.pl\/wp-content\/uploads\/2023\/02\/Akordeon-tytul-1200x1696.jpg 1200w, https:\/\/janadamek.malopolska.pl\/wp-content\/uploads\/2023\/02\/Akordeon-tytul.jpg 1654w\" sizes=\"auto, (max-width: 724px) 100vw, 724px\" \/><\/figure>\n\n\n\n<figure class=\"wp-block-image alignwide size-large\"><img loading=\"lazy\" decoding=\"async\" width=\"1024\" height=\"680\" src=\"http:\/\/janadamek.malopolska.pl\/wp-content\/uploads\/2023\/02\/Akordeon2-1024x680.jpg\" alt=\"\" class=\"wp-image-759\" srcset=\"https:\/\/janadamek.malopolska.pl\/wp-content\/uploads\/2023\/02\/Akordeon2-1024x680.jpg 1024w, https:\/\/janadamek.malopolska.pl\/wp-content\/uploads\/2023\/02\/Akordeon2-300x199.jpg 300w, https:\/\/janadamek.malopolska.pl\/wp-content\/uploads\/2023\/02\/Akordeon2-768x510.jpg 768w, https:\/\/janadamek.malopolska.pl\/wp-content\/uploads\/2023\/02\/Akordeon2-1200x797.jpg 1200w, https:\/\/janadamek.malopolska.pl\/wp-content\/uploads\/2023\/02\/Akordeon2.jpg 1395w\" sizes=\"auto, (max-width: 1024px) 100vw, 1024px\" \/><\/figure>\n\n\n\n<figure class=\"wp-block-image alignwide size-large\"><img loading=\"lazy\" decoding=\"async\" width=\"724\" height=\"1024\" src=\"http:\/\/janadamek.malopolska.pl\/wp-content\/uploads\/2023\/02\/Akordeon-teoria-724x1024.jpg\" alt=\"\" class=\"wp-image-760\" srcset=\"https:\/\/janadamek.malopolska.pl\/wp-content\/uploads\/2023\/02\/Akordeon-teoria-724x1024.jpg 724w, https:\/\/janadamek.malopolska.pl\/wp-content\/uploads\/2023\/02\/Akordeon-teoria-212x300.jpg 212w, https:\/\/janadamek.malopolska.pl\/wp-content\/uploads\/2023\/02\/Akordeon-teoria-768x1086.jpg 768w, https:\/\/janadamek.malopolska.pl\/wp-content\/uploads\/2023\/02\/Akordeon-teoria-1087x1536.jpg 1087w, https:\/\/janadamek.malopolska.pl\/wp-content\/uploads\/2023\/02\/Akordeon-teoria-1449x2048.jpg 1449w, https:\/\/janadamek.malopolska.pl\/wp-content\/uploads\/2023\/02\/Akordeon-teoria-1200x1696.jpg 1200w, https:\/\/janadamek.malopolska.pl\/wp-content\/uploads\/2023\/02\/Akordeon-teoria.jpg 1654w\" sizes=\"auto, (max-width: 724px) 100vw, 724px\" \/><\/figure>\n\n\n<div class=\"wp-block-image\">\n<figure class=\"aligncenter size-large\"><img loading=\"lazy\" decoding=\"async\" width=\"724\" height=\"1024\" src=\"http:\/\/janadamek.malopolska.pl\/wp-content\/uploads\/2023\/02\/Szkola-Harmonia-724x1024.jpg\" alt=\"\" class=\"wp-image-761\" srcset=\"https:\/\/janadamek.malopolska.pl\/wp-content\/uploads\/2023\/02\/Szkola-Harmonia-724x1024.jpg 724w, https:\/\/janadamek.malopolska.pl\/wp-content\/uploads\/2023\/02\/Szkola-Harmonia-212x300.jpg 212w, https:\/\/janadamek.malopolska.pl\/wp-content\/uploads\/2023\/02\/Szkola-Harmonia-768x1086.jpg 768w, https:\/\/janadamek.malopolska.pl\/wp-content\/uploads\/2023\/02\/Szkola-Harmonia-1087x1536.jpg 1087w, https:\/\/janadamek.malopolska.pl\/wp-content\/uploads\/2023\/02\/Szkola-Harmonia-1449x2048.jpg 1449w, https:\/\/janadamek.malopolska.pl\/wp-content\/uploads\/2023\/02\/Szkola-Harmonia-1200x1696.jpg 1200w, https:\/\/janadamek.malopolska.pl\/wp-content\/uploads\/2023\/02\/Szkola-Harmonia.jpg 1654w\" sizes=\"auto, (max-width: 724px) 100vw, 724px\" \/><figcaption class=\"wp-element-caption\">Ok\u0142adka podr\u0119cznika do nauki gry na akordeonie &#8211; szary papier pakowy<br>Szko\u0142a na Harmoni\u0119 Chromatyczn\u0105 <br>10 stycznia 2024 r. &#8211; Detroit Mich.<\/figcaption><\/figure>\n<\/div>","protected":false},"excerpt":{"rendered":"<p>powr\u00f3t DOKUMENTY<\/p>\n","protected":false},"author":1,"featured_media":0,"parent":0,"menu_order":0,"comment_status":"closed","ping_status":"closed","template":"","meta":{"footnotes":""},"class_list":["post-753","page","type-page","status-publish","hentry"],"_links":{"self":[{"href":"https:\/\/janadamek.malopolska.pl\/index.php\/wp-json\/wp\/v2\/pages\/753","targetHints":{"allow":["GET"]}}],"collection":[{"href":"https:\/\/janadamek.malopolska.pl\/index.php\/wp-json\/wp\/v2\/pages"}],"about":[{"href":"https:\/\/janadamek.malopolska.pl\/index.php\/wp-json\/wp\/v2\/types\/page"}],"author":[{"embeddable":true,"href":"https:\/\/janadamek.malopolska.pl\/index.php\/wp-json\/wp\/v2\/users\/1"}],"replies":[{"embeddable":true,"href":"https:\/\/janadamek.malopolska.pl\/index.php\/wp-json\/wp\/v2\/comments?post=753"}],"version-history":[{"count":3,"href":"https:\/\/janadamek.malopolska.pl\/index.php\/wp-json\/wp\/v2\/pages\/753\/revisions"}],"predecessor-version":[{"id":762,"href":"https:\/\/janadamek.malopolska.pl\/index.php\/wp-json\/wp\/v2\/pages\/753\/revisions\/762"}],"wp:attachment":[{"href":"https:\/\/janadamek.malopolska.pl\/index.php\/wp-json\/wp\/v2\/media?parent=753"}],"curies":[{"name":"wp","href":"https:\/\/api.w.org\/{rel}","templated":true}]}}