{"id":62,"date":"2023-01-25T17:18:46","date_gmt":"2023-01-25T17:18:46","guid":{"rendered":"http:\/\/janadamek.malopolska.pl\/?page_id=62"},"modified":"2023-02-21T11:52:12","modified_gmt":"2023-02-21T11:52:12","slug":"fotografie","status":"publish","type":"page","link":"https:\/\/janadamek.malopolska.pl\/index.php\/fotografie\/","title":{"rendered":"Fotografie"},"content":{"rendered":"\n<p class=\"has-text-align-center\">powr\u00f3t <a href=\"http:\/\/janadamek.malopolska.pl\/index.php\/\">STRONA G\u0142\u00d3WNA<\/a><\/p>\n\n\n\n<hr class=\"wp-block-separator has-alpha-channel-opacity\"\/>\n\n\n\n<ul class=\"wp-block-list\">\n<li><a href=\"http:\/\/janadamek.malopolska.pl\/index.php\/fotografie-jana-adamka\">fotografie Jana Adamk w cywilu<\/a><\/li>\n\n\n\n<li><a href=\"http:\/\/janadamek.malopolska.pl\/index.php\/fotografie-rodziny-jana-adamka\">fotografie rodziny Jana Adamka<\/a><\/li>\n\n\n\n<li><a href=\"http:\/\/janadamek.malopolska.pl\/index.php\/fotografie-jana-adamka-w-mundurze\/\">fotografie Jana Adamka w mundurze<\/a><\/li>\n\n\n\n<li><a href=\"http:\/\/janadamek.malopolska.pl\/index.php\/niesmiertelnik-jana-adamka\">nie\u015bmiertelnik Jana Adamka<\/a><\/li>\n\n\n\n<li><a href=\"http:\/\/janadamek.malopolska.pl\/index.php\/fotografie-zbiorowe\">fotografie zbiorowe<\/a><\/li>\n\n\n\n<li><a href=\"http:\/\/janadamek.malopolska.pl\/index.php\/fotografie-znajomych-jana-adamka\">fotografie znajomych Jana Adamka<\/a><\/li>\n\n\n\n<li><a href=\"http:\/\/janadamek.malopolska.pl\/index.php\/fotografia-sztandarka-hallers-army\">fotografia sztandarka Haller&#8217;s Army<\/a><\/li>\n\n\n\n<li><a href=\"http:\/\/janadamek.malopolska.pl\/index.php\/marszalek-polski-jozef-pilsudski\/\">fotografia Marsza\u0142ka Polski J\u00f3zefa Pi\u0142sudskiego z genera\u0142em dywizji Wojska Polskiego Boles\u0142awem Wieniaw\u0105 &#8211; D\u0142ugoszewskim<\/a><\/li>\n<\/ul>\n","protected":false},"excerpt":{"rendered":"<p>powr\u00f3t STRONA G\u0142\u00d3WNA<\/p>\n","protected":false},"author":1,"featured_media":0,"parent":0,"menu_order":0,"comment_status":"closed","ping_status":"closed","template":"","meta":{"footnotes":""},"class_list":["post-62","page","type-page","status-publish","hentry"],"_links":{"self":[{"href":"https:\/\/janadamek.malopolska.pl\/index.php\/wp-json\/wp\/v2\/pages\/62","targetHints":{"allow":["GET"]}}],"collection":[{"href":"https:\/\/janadamek.malopolska.pl\/index.php\/wp-json\/wp\/v2\/pages"}],"about":[{"href":"https:\/\/janadamek.malopolska.pl\/index.php\/wp-json\/wp\/v2\/types\/page"}],"author":[{"embeddable":true,"href":"https:\/\/janadamek.malopolska.pl\/index.php\/wp-json\/wp\/v2\/users\/1"}],"replies":[{"embeddable":true,"href":"https:\/\/janadamek.malopolska.pl\/index.php\/wp-json\/wp\/v2\/comments?post=62"}],"version-history":[{"count":29,"href":"https:\/\/janadamek.malopolska.pl\/index.php\/wp-json\/wp\/v2\/pages\/62\/revisions"}],"predecessor-version":[{"id":773,"href":"https:\/\/janadamek.malopolska.pl\/index.php\/wp-json\/wp\/v2\/pages\/62\/revisions\/773"}],"wp:attachment":[{"href":"https:\/\/janadamek.malopolska.pl\/index.php\/wp-json\/wp\/v2\/media?parent=62"}],"curies":[{"name":"wp","href":"https:\/\/api.w.org\/{rel}","templated":true}]}}