{"id":60,"date":"2023-01-25T17:16:48","date_gmt":"2023-01-25T17:16:48","guid":{"rendered":"http:\/\/janadamek.malopolska.pl\/?page_id=60"},"modified":"2023-02-26T16:05:39","modified_gmt":"2023-02-26T16:05:39","slug":"zyciorys","status":"publish","type":"page","link":"https:\/\/janadamek.malopolska.pl\/index.php\/zyciorys\/","title":{"rendered":"\u017byciorys"},"content":{"rendered":"\n<p class=\"has-text-align-center\"><a href=\"http:\/\/janadamek.malopolska.pl\/index.php\">powr\u00f3t STRONA G\u0141\u00d3WNA<\/a><\/p>\n\n\n\n<p class=\"has-text-align-center has-small-font-size\" style=\"font-style:italic;font-weight:100\">Tre\u015b\u0107 \u017cyciorysu<em><mark style=\"background-color:rgba(0, 0, 0, 0)\" class=\"has-inline-color has-primary-color\"> &#8211; poni\u017cej orygina\u0142u &#8211; przepisana z r\u0119kopisu Jana Adamka<\/mark><\/em>, bo forma trudna do zrozumienia.<\/p>\n\n\n\n<figure class=\"wp-block-image size-large\"><img loading=\"lazy\" decoding=\"async\" width=\"710\" height=\"1024\" src=\"http:\/\/janadamek.malopolska.pl\/wp-content\/uploads\/2023\/02\/Zyciorys-JAdamek-710x1024.jpg\" alt=\"\" class=\"wp-image-218\" srcset=\"https:\/\/janadamek.malopolska.pl\/wp-content\/uploads\/2023\/02\/Zyciorys-JAdamek-710x1024.jpg 710w, https:\/\/janadamek.malopolska.pl\/wp-content\/uploads\/2023\/02\/Zyciorys-JAdamek-208x300.jpg 208w, https:\/\/janadamek.malopolska.pl\/wp-content\/uploads\/2023\/02\/Zyciorys-JAdamek-768x1108.jpg 768w, https:\/\/janadamek.malopolska.pl\/wp-content\/uploads\/2023\/02\/Zyciorys-JAdamek-1064x1536.jpg 1064w, https:\/\/janadamek.malopolska.pl\/wp-content\/uploads\/2023\/02\/Zyciorys-JAdamek-1419x2048.jpg 1419w, https:\/\/janadamek.malopolska.pl\/wp-content\/uploads\/2023\/02\/Zyciorys-JAdamek-1200x1732.jpg 1200w, https:\/\/janadamek.malopolska.pl\/wp-content\/uploads\/2023\/02\/Zyciorys-JAdamek.jpg 1620w\" sizes=\"auto, (max-width: 710px) 100vw, 710px\" \/><\/figure>\n\n\n\n<figure class=\"wp-block-image size-large\"><img loading=\"lazy\" decoding=\"async\" width=\"1024\" height=\"194\" src=\"http:\/\/janadamek.malopolska.pl\/wp-content\/uploads\/2023\/02\/Zyciorys-cd-JAdamek-1024x194.jpg\" alt=\"\" class=\"wp-image-220\" srcset=\"https:\/\/janadamek.malopolska.pl\/wp-content\/uploads\/2023\/02\/Zyciorys-cd-JAdamek-1024x194.jpg 1024w, https:\/\/janadamek.malopolska.pl\/wp-content\/uploads\/2023\/02\/Zyciorys-cd-JAdamek-300x57.jpg 300w, https:\/\/janadamek.malopolska.pl\/wp-content\/uploads\/2023\/02\/Zyciorys-cd-JAdamek-768x146.jpg 768w, https:\/\/janadamek.malopolska.pl\/wp-content\/uploads\/2023\/02\/Zyciorys-cd-JAdamek-1536x291.jpg 1536w, https:\/\/janadamek.malopolska.pl\/wp-content\/uploads\/2023\/02\/Zyciorys-cd-JAdamek-1200x228.jpg 1200w, https:\/\/janadamek.malopolska.pl\/wp-content\/uploads\/2023\/02\/Zyciorys-cd-JAdamek.jpg 1619w\" sizes=\"auto, (max-width: 1024px) 100vw, 1024px\" \/><\/figure>\n\n\n\n<p>Urodzony dnia 27 grudnia 1887 roku we wsi i gminie Wawrze\u0144czyce powiatu Miechowskiego.<\/p>\n\n\n\n<p>W 1904. w 16. roku \u017cycia z braku \u015brodk\u00f3w materialnych opu\u015bci\u0142em dom rodzinny i wyruszy\u0142em za prac\u0105 do Zag\u0142\u0119bia D\u0105browskiego gdzie pracowa\u0142em na dole w kopalni w\u0119gla.<\/p>\n\n\n\n<p>W 1909 r. nakazem do poboru wojska rosyjskiego zosta\u0142em wzi\u0119ty gdzie s\u0142u\u017cy\u0142em do 15 kwietnia 1913 r. W tem to roku w kwietniu zwolniony z wojska rosyjskiego by\u0142em w domu do czerwca roku 1913 r. <\/p>\n\n\n\n<p>W tem to roku w czerwcu wyemigrowa\u0142em do Ameryki P\u00f3\u0142nocnej do Buffalo N. Y., tamo z powodu s\u0142abej pracy opu\u015bci\u0142em stan N. Y. i wyjecha\u0142em do miasta Detroit Mich. i tam pracowa\u0142em do roku 1917.<\/p>\n\n\n\n<p>W roku 1914. zapisany i przyj\u0119ty do Soko\u0142a Polskiego nale\u017ca\u0142em jako cz\u0142onek czynny do grudnia 1919 r. w Detroit Mich. <\/p>\n\n\n\n<p>1917. w czerwcu zapisany do Szko\u0142y w Cambridge Springs, gdzie po zdaniu egzamin\u00f3w nadano mi stopie\u0144 sier\u017canta. W tem to czasie przyjecha\u0142a komisja na czele z kapitanem G\u0105siorowskim i ta obwie\u015bci\u0142a, i\u017c Armia Polska b\u0119dzie tworzona. I tak my pierwsi uczniowie Szko\u0142y Cambridge Springs pod komend\u0105 J. Barma\u0144skiego jako pocz\u0105tek si\u0142 wojska Polskiego przewiezieni przez rzek\u0119 do Obozu Ko\u015bciuszko w Kanadzie. Tu zacz\u0119\u0142a wrze\u0107 praca i przygotowanie tak dla pierwszych jak ostatnich grup przyje\u017cd\u017caj\u0105cych ochotnik\u00f3w wojska Polskiego. Tak praca wrza\u0142a w obozie od 3. pa\u017adziernika 1917. <\/p>\n\n\n\n<p>Wys\u0142any pierwszym transportem do Francji l\u0105dowali\u015bmy w grudniu 1917. Po przybyciu do Lawall Stat by\u0142em wys\u0142any do Szko\u0142y Piechoty. Po sko\u0144czonej szkole wys\u0142any do obozu w Lille Legion i sta\u0142 przydzielony do 44. Pu\u0142ku StrzelKres 3. bat. 3 Kompanii Karabin\u00f3w Maszynowych.<\/p>\n\n\n\n<p>Udzia\u0142 w bitwach bra\u0142em jako sier\u017cant polowy, ranny nie by\u0142em i karany nie by\u0142em ani w wojsku ani \u017cyciu cywilnym.<\/p>\n\n\n\n<p>Oznaczony Krzy\u017cem \u017bo\u0142nierzy Polskich z Ameryki.<\/p>\n\n\n\n<p><em>Po sko\u0144czonej ofensywie Jan Adamek ponownie pojecha\u0142 do<\/em> Stan\u00f3w Zjednoczonych, sk\u0105d wr\u00f3ci\u0142 w roku 1932 do swojej rodzinnej miejscowo\u015bci &#8211; Wawrze\u0144czyc w powiecie miechowskim, gdzie zmar\u0142 1 marca 1951 r. Pochowany tam te\u017c zosta\u0142 na cmentarzu w rodzinnym grobie.<\/p>\n\n\n\n<p class=\"has-accent-color has-text-color\"><em>Dalszy ci\u0105g \u017cyciorysu Jana Adamka zosta\u0142 napisany przez jego chrze\u015bniaka &#8211; <strong>KMDR. POR. DR. N. MED. J\u00d3ZEFA CAB\u0118<\/strong><\/em><\/p>\n\n\n\n<p class=\"has-text-align-center\"><a href=\"http:\/\/somwrp.pl\/www.so.mw.mil.pl\/news116f.html?id=21218\">\u017byciorys  J\u00f3zefa Caby<\/a> <\/p>\n\n\n\n<figure class=\"wp-block-image size-large\"><img loading=\"lazy\" decoding=\"async\" width=\"710\" height=\"1024\" src=\"http:\/\/janadamek.malopolska.pl\/wp-content\/uploads\/2023\/02\/JAdamek-Zyciorys-ciag-dalszy1-710x1024.jpg\" alt=\"\" class=\"wp-image-251\" srcset=\"https:\/\/janadamek.malopolska.pl\/wp-content\/uploads\/2023\/02\/JAdamek-Zyciorys-ciag-dalszy1-710x1024.jpg 710w, https:\/\/janadamek.malopolska.pl\/wp-content\/uploads\/2023\/02\/JAdamek-Zyciorys-ciag-dalszy1-208x300.jpg 208w, https:\/\/janadamek.malopolska.pl\/wp-content\/uploads\/2023\/02\/JAdamek-Zyciorys-ciag-dalszy1-768x1108.jpg 768w, https:\/\/janadamek.malopolska.pl\/wp-content\/uploads\/2023\/02\/JAdamek-Zyciorys-ciag-dalszy1-1064x1536.jpg 1064w, https:\/\/janadamek.malopolska.pl\/wp-content\/uploads\/2023\/02\/JAdamek-Zyciorys-ciag-dalszy1-1419x2048.jpg 1419w, https:\/\/janadamek.malopolska.pl\/wp-content\/uploads\/2023\/02\/JAdamek-Zyciorys-ciag-dalszy1-1200x1732.jpg 1200w, https:\/\/janadamek.malopolska.pl\/wp-content\/uploads\/2023\/02\/JAdamek-Zyciorys-ciag-dalszy1.jpg 1620w\" sizes=\"auto, (max-width: 710px) 100vw, 710px\" \/><\/figure>\n\n\n\n<figure class=\"wp-block-image size-large\"><img loading=\"lazy\" decoding=\"async\" width=\"714\" height=\"1024\" src=\"http:\/\/janadamek.malopolska.pl\/wp-content\/uploads\/2023\/02\/JAdamek-Zyciorys-ciag-dalszy2-714x1024.jpg\" alt=\"\" class=\"wp-image-252\" srcset=\"https:\/\/janadamek.malopolska.pl\/wp-content\/uploads\/2023\/02\/JAdamek-Zyciorys-ciag-dalszy2-714x1024.jpg 714w, https:\/\/janadamek.malopolska.pl\/wp-content\/uploads\/2023\/02\/JAdamek-Zyciorys-ciag-dalszy2-209x300.jpg 209w, https:\/\/janadamek.malopolska.pl\/wp-content\/uploads\/2023\/02\/JAdamek-Zyciorys-ciag-dalszy2-768x1101.jpg 768w, https:\/\/janadamek.malopolska.pl\/wp-content\/uploads\/2023\/02\/JAdamek-Zyciorys-ciag-dalszy2-1072x1536.jpg 1072w, https:\/\/janadamek.malopolska.pl\/wp-content\/uploads\/2023\/02\/JAdamek-Zyciorys-ciag-dalszy2-1429x2048.jpg 1429w, https:\/\/janadamek.malopolska.pl\/wp-content\/uploads\/2023\/02\/JAdamek-Zyciorys-ciag-dalszy2-1200x1720.jpg 1200w, https:\/\/janadamek.malopolska.pl\/wp-content\/uploads\/2023\/02\/JAdamek-Zyciorys-ciag-dalszy2.jpg 1631w\" sizes=\"auto, (max-width: 714px) 100vw, 714px\" \/><\/figure>\n\n\n\n<figure class=\"wp-block-image size-large\"><img loading=\"lazy\" decoding=\"async\" width=\"699\" height=\"1024\" src=\"http:\/\/janadamek.malopolska.pl\/wp-content\/uploads\/2023\/02\/JAdamek-Zyciorys-ciag-dalszy3-699x1024.jpg\" alt=\"\" class=\"wp-image-253\" srcset=\"https:\/\/janadamek.malopolska.pl\/wp-content\/uploads\/2023\/02\/JAdamek-Zyciorys-ciag-dalszy3-699x1024.jpg 699w, https:\/\/janadamek.malopolska.pl\/wp-content\/uploads\/2023\/02\/JAdamek-Zyciorys-ciag-dalszy3-205x300.jpg 205w, https:\/\/janadamek.malopolska.pl\/wp-content\/uploads\/2023\/02\/JAdamek-Zyciorys-ciag-dalszy3-768x1124.jpg 768w, https:\/\/janadamek.malopolska.pl\/wp-content\/uploads\/2023\/02\/JAdamek-Zyciorys-ciag-dalszy3-1049x1536.jpg 1049w, https:\/\/janadamek.malopolska.pl\/wp-content\/uploads\/2023\/02\/JAdamek-Zyciorys-ciag-dalszy3-1399x2048.jpg 1399w, https:\/\/janadamek.malopolska.pl\/wp-content\/uploads\/2023\/02\/JAdamek-Zyciorys-ciag-dalszy3-1200x1757.jpg 1200w, https:\/\/janadamek.malopolska.pl\/wp-content\/uploads\/2023\/02\/JAdamek-Zyciorys-ciag-dalszy3.jpg 1597w\" sizes=\"auto, (max-width: 699px) 100vw, 699px\" \/><\/figure>\n\n\n\n<figure class=\"wp-block-image size-large\"><img loading=\"lazy\" decoding=\"async\" width=\"707\" height=\"1024\" src=\"http:\/\/janadamek.malopolska.pl\/wp-content\/uploads\/2023\/02\/JAdamek-Zyciorys-ciag-dalszy4-707x1024.jpg\" alt=\"\" class=\"wp-image-255\" srcset=\"https:\/\/janadamek.malopolska.pl\/wp-content\/uploads\/2023\/02\/JAdamek-Zyciorys-ciag-dalszy4-707x1024.jpg 707w, https:\/\/janadamek.malopolska.pl\/wp-content\/uploads\/2023\/02\/JAdamek-Zyciorys-ciag-dalszy4-207x300.jpg 207w, https:\/\/janadamek.malopolska.pl\/wp-content\/uploads\/2023\/02\/JAdamek-Zyciorys-ciag-dalszy4-768x1113.jpg 768w, https:\/\/janadamek.malopolska.pl\/wp-content\/uploads\/2023\/02\/JAdamek-Zyciorys-ciag-dalszy4-1060x1536.jpg 1060w, https:\/\/janadamek.malopolska.pl\/wp-content\/uploads\/2023\/02\/JAdamek-Zyciorys-ciag-dalszy4-1414x2048.jpg 1414w, https:\/\/janadamek.malopolska.pl\/wp-content\/uploads\/2023\/02\/JAdamek-Zyciorys-ciag-dalszy4-1200x1738.jpg 1200w, https:\/\/janadamek.malopolska.pl\/wp-content\/uploads\/2023\/02\/JAdamek-Zyciorys-ciag-dalszy4.jpg 1614w\" sizes=\"auto, (max-width: 707px) 100vw, 707px\" \/><\/figure>\n\n\n\n<figure class=\"wp-block-image size-large\"><img loading=\"lazy\" decoding=\"async\" width=\"707\" height=\"1024\" src=\"http:\/\/janadamek.malopolska.pl\/wp-content\/uploads\/2023\/02\/JAdamek-Zyciorys-ciag-dalszy5-707x1024.jpg\" alt=\"\" class=\"wp-image-256\" srcset=\"https:\/\/janadamek.malopolska.pl\/wp-content\/uploads\/2023\/02\/JAdamek-Zyciorys-ciag-dalszy5-707x1024.jpg 707w, https:\/\/janadamek.malopolska.pl\/wp-content\/uploads\/2023\/02\/JAdamek-Zyciorys-ciag-dalszy5-207x300.jpg 207w, https:\/\/janadamek.malopolska.pl\/wp-content\/uploads\/2023\/02\/JAdamek-Zyciorys-ciag-dalszy5-768x1113.jpg 768w, https:\/\/janadamek.malopolska.pl\/wp-content\/uploads\/2023\/02\/JAdamek-Zyciorys-ciag-dalszy5-1060x1536.jpg 1060w, https:\/\/janadamek.malopolska.pl\/wp-content\/uploads\/2023\/02\/JAdamek-Zyciorys-ciag-dalszy5-1414x2048.jpg 1414w, https:\/\/janadamek.malopolska.pl\/wp-content\/uploads\/2023\/02\/JAdamek-Zyciorys-ciag-dalszy5-1200x1738.jpg 1200w, https:\/\/janadamek.malopolska.pl\/wp-content\/uploads\/2023\/02\/JAdamek-Zyciorys-ciag-dalszy5.jpg 1614w\" sizes=\"auto, (max-width: 707px) 100vw, 707px\" \/><\/figure>\n\n\n\n<figure class=\"wp-block-image size-large\"><img loading=\"lazy\" decoding=\"async\" width=\"712\" height=\"1024\" src=\"http:\/\/janadamek.malopolska.pl\/wp-content\/uploads\/2023\/02\/JAdamek-Zyciorys-ciag-dalszy6-712x1024.jpg\" alt=\"\" class=\"wp-image-257\" srcset=\"https:\/\/janadamek.malopolska.pl\/wp-content\/uploads\/2023\/02\/JAdamek-Zyciorys-ciag-dalszy6-712x1024.jpg 712w, https:\/\/janadamek.malopolska.pl\/wp-content\/uploads\/2023\/02\/JAdamek-Zyciorys-ciag-dalszy6-209x300.jpg 209w, https:\/\/janadamek.malopolska.pl\/wp-content\/uploads\/2023\/02\/JAdamek-Zyciorys-ciag-dalszy6-768x1105.jpg 768w, https:\/\/janadamek.malopolska.pl\/wp-content\/uploads\/2023\/02\/JAdamek-Zyciorys-ciag-dalszy6-1068x1536.jpg 1068w, https:\/\/janadamek.malopolska.pl\/wp-content\/uploads\/2023\/02\/JAdamek-Zyciorys-ciag-dalszy6-1423x2048.jpg 1423w, https:\/\/janadamek.malopolska.pl\/wp-content\/uploads\/2023\/02\/JAdamek-Zyciorys-ciag-dalszy6-1200x1727.jpg 1200w, https:\/\/janadamek.malopolska.pl\/wp-content\/uploads\/2023\/02\/JAdamek-Zyciorys-ciag-dalszy6.jpg 1625w\" sizes=\"auto, (max-width: 712px) 100vw, 712px\" \/><\/figure>\n\n\n\n<figure class=\"wp-block-image size-large\"><img loading=\"lazy\" decoding=\"async\" width=\"707\" height=\"1024\" src=\"http:\/\/janadamek.malopolska.pl\/wp-content\/uploads\/2023\/02\/JAdamek-Zyciorys-ciag-dalszy7-707x1024.jpg\" alt=\"\" class=\"wp-image-258\" srcset=\"https:\/\/janadamek.malopolska.pl\/wp-content\/uploads\/2023\/02\/JAdamek-Zyciorys-ciag-dalszy7-707x1024.jpg 707w, https:\/\/janadamek.malopolska.pl\/wp-content\/uploads\/2023\/02\/JAdamek-Zyciorys-ciag-dalszy7-207x300.jpg 207w, https:\/\/janadamek.malopolska.pl\/wp-content\/uploads\/2023\/02\/JAdamek-Zyciorys-ciag-dalszy7-768x1113.jpg 768w, https:\/\/janadamek.malopolska.pl\/wp-content\/uploads\/2023\/02\/JAdamek-Zyciorys-ciag-dalszy7-1060x1536.jpg 1060w, https:\/\/janadamek.malopolska.pl\/wp-content\/uploads\/2023\/02\/JAdamek-Zyciorys-ciag-dalszy7-1414x2048.jpg 1414w, https:\/\/janadamek.malopolska.pl\/wp-content\/uploads\/2023\/02\/JAdamek-Zyciorys-ciag-dalszy7-1200x1738.jpg 1200w, https:\/\/janadamek.malopolska.pl\/wp-content\/uploads\/2023\/02\/JAdamek-Zyciorys-ciag-dalszy7.jpg 1614w\" sizes=\"auto, (max-width: 707px) 100vw, 707px\" \/><\/figure>\n\n\n\n<figure class=\"wp-block-image size-large\"><img loading=\"lazy\" decoding=\"async\" width=\"724\" height=\"1024\" src=\"http:\/\/janadamek.malopolska.pl\/wp-content\/uploads\/2023\/02\/List-Jozefa-Caby-przekazanie-dokumentow-Jana-Adamka-724x1024.jpg\" alt=\"\" class=\"wp-image-521\" srcset=\"https:\/\/janadamek.malopolska.pl\/wp-content\/uploads\/2023\/02\/List-Jozefa-Caby-przekazanie-dokumentow-Jana-Adamka-724x1024.jpg 724w, https:\/\/janadamek.malopolska.pl\/wp-content\/uploads\/2023\/02\/List-Jozefa-Caby-przekazanie-dokumentow-Jana-Adamka-212x300.jpg 212w, https:\/\/janadamek.malopolska.pl\/wp-content\/uploads\/2023\/02\/List-Jozefa-Caby-przekazanie-dokumentow-Jana-Adamka-768x1086.jpg 768w, https:\/\/janadamek.malopolska.pl\/wp-content\/uploads\/2023\/02\/List-Jozefa-Caby-przekazanie-dokumentow-Jana-Adamka-1087x1536.jpg 1087w, https:\/\/janadamek.malopolska.pl\/wp-content\/uploads\/2023\/02\/List-Jozefa-Caby-przekazanie-dokumentow-Jana-Adamka-1449x2048.jpg 1449w, https:\/\/janadamek.malopolska.pl\/wp-content\/uploads\/2023\/02\/List-Jozefa-Caby-przekazanie-dokumentow-Jana-Adamka-1200x1696.jpg 1200w, https:\/\/janadamek.malopolska.pl\/wp-content\/uploads\/2023\/02\/List-Jozefa-Caby-przekazanie-dokumentow-Jana-Adamka.jpg 1654w\" sizes=\"auto, (max-width: 724px) 100vw, 724px\" \/><\/figure>\n\n\n\n<figure class=\"wp-block-image size-large\"><img loading=\"lazy\" decoding=\"async\" width=\"724\" height=\"1024\" src=\"http:\/\/janadamek.malopolska.pl\/wp-content\/uploads\/2023\/02\/List-Jozefa-Caby-przekazanie-dokumentow-Jana-Adamka-cd-724x1024.jpg\" alt=\"\" class=\"wp-image-522\" srcset=\"https:\/\/janadamek.malopolska.pl\/wp-content\/uploads\/2023\/02\/List-Jozefa-Caby-przekazanie-dokumentow-Jana-Adamka-cd-724x1024.jpg 724w, https:\/\/janadamek.malopolska.pl\/wp-content\/uploads\/2023\/02\/List-Jozefa-Caby-przekazanie-dokumentow-Jana-Adamka-cd-212x300.jpg 212w, https:\/\/janadamek.malopolska.pl\/wp-content\/uploads\/2023\/02\/List-Jozefa-Caby-przekazanie-dokumentow-Jana-Adamka-cd-768x1086.jpg 768w, https:\/\/janadamek.malopolska.pl\/wp-content\/uploads\/2023\/02\/List-Jozefa-Caby-przekazanie-dokumentow-Jana-Adamka-cd-1087x1536.jpg 1087w, https:\/\/janadamek.malopolska.pl\/wp-content\/uploads\/2023\/02\/List-Jozefa-Caby-przekazanie-dokumentow-Jana-Adamka-cd-1449x2048.jpg 1449w, https:\/\/janadamek.malopolska.pl\/wp-content\/uploads\/2023\/02\/List-Jozefa-Caby-przekazanie-dokumentow-Jana-Adamka-cd-1200x1696.jpg 1200w, https:\/\/janadamek.malopolska.pl\/wp-content\/uploads\/2023\/02\/List-Jozefa-Caby-przekazanie-dokumentow-Jana-Adamka-cd.jpg 1654w\" sizes=\"auto, (max-width: 724px) 100vw, 724px\" \/><\/figure>\n\n\n\n<hr class=\"wp-block-separator has-alpha-channel-opacity\"\/>\n\n\n\n<p>Strona opracowana na podstawie oryginalnych dokument\u00f3w, kt\u00f3re zosta\u0142y przekazane po \u015bmierci Jana Adamka&nbsp;<strong>KMDR POR. DR N. MED. J\u00d3ZEFOWI CABIE<\/strong>&nbsp;(chrze\u015bniakowi Jana Adamka) \u2013 szczeg\u00f3\u0142y w podstronie \u017bYCIORYS.<\/p>\n\n\n\n<p>Stron\u0119 WWW \u2013 Jan Adamek \u2013 wykona\u0142a mgr in\u017c.<strong>&nbsp;Anna Chmiela<\/strong>&nbsp;(chrze\u015bniaczka KMDR POR. DR N. MED. J\u00f3zefa Caby).<\/p>\n","protected":false},"excerpt":{"rendered":"<p>powr\u00f3t STRONA G\u0141\u00d3WNA Tre\u015b\u0107 \u017cyciorysu &#8211; poni\u017cej orygina\u0142u &#8211; przepisana z r\u0119kopisu Jana Adamka, bo forma trudna do zrozumienia. Urodzony dnia 27 grudnia 1887 roku we wsi i gminie Wawrze\u0144czyce powiatu Miechowskiego. W 1904. w 16. roku \u017cycia z braku \u015brodk\u00f3w materialnych opu\u015bci\u0142em dom rodzinny i wyruszy\u0142em za prac\u0105 do Zag\u0142\u0119bia D\u0105browskiego gdzie pracowa\u0142em na [&hellip;]<\/p>\n","protected":false},"author":1,"featured_media":0,"parent":0,"menu_order":0,"comment_status":"closed","ping_status":"closed","template":"","meta":{"footnotes":""},"class_list":["post-60","page","type-page","status-publish","hentry"],"_links":{"self":[{"href":"https:\/\/janadamek.malopolska.pl\/index.php\/wp-json\/wp\/v2\/pages\/60","targetHints":{"allow":["GET"]}}],"collection":[{"href":"https:\/\/janadamek.malopolska.pl\/index.php\/wp-json\/wp\/v2\/pages"}],"about":[{"href":"https:\/\/janadamek.malopolska.pl\/index.php\/wp-json\/wp\/v2\/types\/page"}],"author":[{"embeddable":true,"href":"https:\/\/janadamek.malopolska.pl\/index.php\/wp-json\/wp\/v2\/users\/1"}],"replies":[{"embeddable":true,"href":"https:\/\/janadamek.malopolska.pl\/index.php\/wp-json\/wp\/v2\/comments?post=60"}],"version-history":[{"count":20,"href":"https:\/\/janadamek.malopolska.pl\/index.php\/wp-json\/wp\/v2\/pages\/60\/revisions"}],"predecessor-version":[{"id":807,"href":"https:\/\/janadamek.malopolska.pl\/index.php\/wp-json\/wp\/v2\/pages\/60\/revisions\/807"}],"wp:attachment":[{"href":"https:\/\/janadamek.malopolska.pl\/index.php\/wp-json\/wp\/v2\/media?parent=60"}],"curies":[{"name":"wp","href":"https:\/\/api.w.org\/{rel}","templated":true}]}}