{"id":433,"date":"2023-02-16T16:03:55","date_gmt":"2023-02-16T16:03:55","guid":{"rendered":"http:\/\/janadamek.malopolska.pl\/?page_id=433"},"modified":"2023-02-21T10:25:01","modified_gmt":"2023-02-21T10:25:01","slug":"artykuly-w-gazetach-polskich-i-amerykanskich","status":"publish","type":"page","link":"https:\/\/janadamek.malopolska.pl\/index.php\/artykuly-w-gazetach-polskich-i-amerykanskich\/","title":{"rendered":"Artyku\u0142y w gazetach polskich i ameryka\u0144skich"},"content":{"rendered":"\n<p class=\"has-text-align-center\">powr\u00f3t <a href=\"http:\/\/janadamek.malopolska.pl\/index.php\/dokumenty\">DOKUMENTY<\/a><\/p>\n\n\n\n<figure class=\"wp-block-image alignwide size-large\"><img loading=\"lazy\" decoding=\"async\" width=\"998\" height=\"1024\" src=\"http:\/\/janadamek.malopolska.pl\/wp-content\/uploads\/2023\/02\/Artykul-Ze-starych-szuflad-i-strychow-998x1024.jpg\" alt=\"\" class=\"wp-image-442\" srcset=\"https:\/\/janadamek.malopolska.pl\/wp-content\/uploads\/2023\/02\/Artykul-Ze-starych-szuflad-i-strychow-998x1024.jpg 998w, https:\/\/janadamek.malopolska.pl\/wp-content\/uploads\/2023\/02\/Artykul-Ze-starych-szuflad-i-strychow-292x300.jpg 292w, https:\/\/janadamek.malopolska.pl\/wp-content\/uploads\/2023\/02\/Artykul-Ze-starych-szuflad-i-strychow-768x788.jpg 768w, https:\/\/janadamek.malopolska.pl\/wp-content\/uploads\/2023\/02\/Artykul-Ze-starych-szuflad-i-strychow.jpg 1108w\" sizes=\"auto, (max-width: 998px) 100vw, 998px\" \/><figcaption class=\"wp-element-caption\">Echo Krakowa, Krak\u00f3w, sobota 31 V, niedziela 1 VI 1980 r.<\/figcaption><\/figure>\n\n\n<div class=\"wp-block-image\">\n<figure class=\"aligncenter size-large\"><img loading=\"lazy\" decoding=\"async\" width=\"271\" height=\"1024\" src=\"http:\/\/janadamek.malopolska.pl\/wp-content\/uploads\/2023\/02\/Artykul-Jan-Adamek-z-Polski-zglasza-sie-po-Medal-Sokoli-271x1024.jpg\" alt=\"\" class=\"wp-image-436\" srcset=\"https:\/\/janadamek.malopolska.pl\/wp-content\/uploads\/2023\/02\/Artykul-Jan-Adamek-z-Polski-zglasza-sie-po-Medal-Sokoli-271x1024.jpg 271w, https:\/\/janadamek.malopolska.pl\/wp-content\/uploads\/2023\/02\/Artykul-Jan-Adamek-z-Polski-zglasza-sie-po-Medal-Sokoli-407x1536.jpg 407w\" sizes=\"auto, (max-width: 271px) 100vw, 271px\" \/><figcaption class=\"wp-element-caption\">Dziennik Polski 22 czerwca 1939 r.<\/figcaption><\/figure>\n<\/div>\n\n\n<figure class=\"wp-block-image size-full\"><img loading=\"lazy\" decoding=\"async\" width=\"980\" height=\"124\" src=\"http:\/\/janadamek.malopolska.pl\/wp-content\/uploads\/2023\/02\/Artykul-Marszalek-Foch-wsrod-Hallerczykow-gazeta1.jpg\" alt=\"\" class=\"wp-image-437\" srcset=\"https:\/\/janadamek.malopolska.pl\/wp-content\/uploads\/2023\/02\/Artykul-Marszalek-Foch-wsrod-Hallerczykow-gazeta1.jpg 980w, https:\/\/janadamek.malopolska.pl\/wp-content\/uploads\/2023\/02\/Artykul-Marszalek-Foch-wsrod-Hallerczykow-gazeta1-300x38.jpg 300w, https:\/\/janadamek.malopolska.pl\/wp-content\/uploads\/2023\/02\/Artykul-Marszalek-Foch-wsrod-Hallerczykow-gazeta1-768x97.jpg 768w\" sizes=\"auto, (max-width: 980px) 100vw, 980px\" \/><\/figure>\n\n\n<div class=\"wp-block-image\">\n<figure class=\"aligncenter size-large\"><img loading=\"lazy\" decoding=\"async\" width=\"253\" height=\"1024\" src=\"http:\/\/janadamek.malopolska.pl\/wp-content\/uploads\/2023\/02\/Artykul-Marszalek-Foch-w-KlubieHallerczykow-253x1024.jpg\" alt=\"\" class=\"wp-image-440\" srcset=\"https:\/\/janadamek.malopolska.pl\/wp-content\/uploads\/2023\/02\/Artykul-Marszalek-Foch-w-KlubieHallerczykow-253x1024.jpg 253w, https:\/\/janadamek.malopolska.pl\/wp-content\/uploads\/2023\/02\/Artykul-Marszalek-Foch-w-KlubieHallerczykow-74x300.jpg 74w, https:\/\/janadamek.malopolska.pl\/wp-content\/uploads\/2023\/02\/Artykul-Marszalek-Foch-w-KlubieHallerczykow-379x1536.jpg 379w, https:\/\/janadamek.malopolska.pl\/wp-content\/uploads\/2023\/02\/Artykul-Marszalek-Foch-w-KlubieHallerczykow.jpg 461w\" sizes=\"auto, (max-width: 253px) 100vw, 253px\" \/><\/figure>\n<\/div>\n\n\n<figure class=\"wp-block-image size-full\"><img loading=\"lazy\" decoding=\"async\" width=\"978\" height=\"93\" src=\"http:\/\/janadamek.malopolska.pl\/wp-content\/uploads\/2023\/02\/Artykul-Marszalek-Foch-wsrod-Hallerczykow2-1.jpg\" alt=\"\" class=\"wp-image-441\" srcset=\"https:\/\/janadamek.malopolska.pl\/wp-content\/uploads\/2023\/02\/Artykul-Marszalek-Foch-wsrod-Hallerczykow2-1.jpg 978w, https:\/\/janadamek.malopolska.pl\/wp-content\/uploads\/2023\/02\/Artykul-Marszalek-Foch-wsrod-Hallerczykow2-1-300x29.jpg 300w, https:\/\/janadamek.malopolska.pl\/wp-content\/uploads\/2023\/02\/Artykul-Marszalek-Foch-wsrod-Hallerczykow2-1-768x73.jpg 768w\" sizes=\"auto, (max-width: 978px) 100vw, 978px\" \/><\/figure>\n\n\n<div class=\"wp-block-image\">\n<figure class=\"aligncenter size-full\"><img loading=\"lazy\" decoding=\"async\" width=\"405\" height=\"977\" src=\"http:\/\/janadamek.malopolska.pl\/wp-content\/uploads\/2023\/02\/Nekrolog-Franciszek-Adamek.jpg\" alt=\"\" class=\"wp-image-548\" srcset=\"https:\/\/janadamek.malopolska.pl\/wp-content\/uploads\/2023\/02\/Nekrolog-Franciszek-Adamek.jpg 405w, https:\/\/janadamek.malopolska.pl\/wp-content\/uploads\/2023\/02\/Nekrolog-Franciszek-Adamek-124x300.jpg 124w\" sizes=\"auto, (max-width: 405px) 100vw, 405px\" \/><figcaption class=\"wp-element-caption\">Nekrolog Franciszka Adamka &#8211; brata Jana Adamka <br>Jan Adamek pisze o bracie Franciszku na odwrocie jednego ze zdj\u0119\u0107 gdzie s\u0105 z koleg\u0105 w mundurach<\/figcaption><\/figure>\n<\/div>\n\n\n<figure class=\"wp-block-image size-large\"><img loading=\"lazy\" decoding=\"async\" width=\"1024\" height=\"652\" src=\"https:\/\/janadamek.malopolska.pl\/wp-content\/uploads\/2023\/02\/JanAdamek-z-kolega-mundur-awers-4-1024x652.jpg\" alt=\"\" class=\"wp-image-600\" srcset=\"https:\/\/janadamek.malopolska.pl\/wp-content\/uploads\/2023\/02\/JanAdamek-z-kolega-mundur-awers-4-1024x652.jpg 1024w, https:\/\/janadamek.malopolska.pl\/wp-content\/uploads\/2023\/02\/JanAdamek-z-kolega-mundur-awers-4-300x191.jpg 300w, https:\/\/janadamek.malopolska.pl\/wp-content\/uploads\/2023\/02\/JanAdamek-z-kolega-mundur-awers-4-768x489.jpg 768w, https:\/\/janadamek.malopolska.pl\/wp-content\/uploads\/2023\/02\/JanAdamek-z-kolega-mundur-awers-4.jpg 1075w\" sizes=\"auto, (max-width: 1024px) 100vw, 1024px\" \/><figcaption class=\"wp-element-caption\">Awers zdj\u0119cia, na kt\u00f3rym s\u0105 w mundurach Jan Adamek z koleg\u0105 &#8211; w fotografiach<\/figcaption><\/figure>\n\n\n\n<figure class=\"wp-block-image size-large\"><img loading=\"lazy\" decoding=\"async\" width=\"914\" height=\"1024\" src=\"http:\/\/janadamek.malopolska.pl\/wp-content\/uploads\/2023\/02\/Trojaczki-chlopcy-914x1024.jpg\" alt=\"\" class=\"wp-image-691\" srcset=\"https:\/\/janadamek.malopolska.pl\/wp-content\/uploads\/2023\/02\/Trojaczki-chlopcy-914x1024.jpg 914w, https:\/\/janadamek.malopolska.pl\/wp-content\/uploads\/2023\/02\/Trojaczki-chlopcy-268x300.jpg 268w, https:\/\/janadamek.malopolska.pl\/wp-content\/uploads\/2023\/02\/Trojaczki-chlopcy-768x861.jpg 768w, https:\/\/janadamek.malopolska.pl\/wp-content\/uploads\/2023\/02\/Trojaczki-chlopcy-1200x1345.jpg 1200w, https:\/\/janadamek.malopolska.pl\/wp-content\/uploads\/2023\/02\/Trojaczki-chlopcy.jpg 1317w\" sizes=\"auto, (max-width: 914px) 100vw, 914px\" \/><\/figure>\n\n\n\n<figure class=\"wp-block-image size-large\"><img loading=\"lazy\" decoding=\"async\" width=\"833\" height=\"1024\" src=\"http:\/\/janadamek.malopolska.pl\/wp-content\/uploads\/2023\/02\/Przeglad-Handlowy-833x1024.jpg\" alt=\"\" class=\"wp-image-692\" srcset=\"https:\/\/janadamek.malopolska.pl\/wp-content\/uploads\/2023\/02\/Przeglad-Handlowy-833x1024.jpg 833w, https:\/\/janadamek.malopolska.pl\/wp-content\/uploads\/2023\/02\/Przeglad-Handlowy-244x300.jpg 244w, https:\/\/janadamek.malopolska.pl\/wp-content\/uploads\/2023\/02\/Przeglad-Handlowy-768x944.jpg 768w, https:\/\/janadamek.malopolska.pl\/wp-content\/uploads\/2023\/02\/Przeglad-Handlowy-1250x1536.jpg 1250w, https:\/\/janadamek.malopolska.pl\/wp-content\/uploads\/2023\/02\/Przeglad-Handlowy-1200x1475.jpg 1200w, https:\/\/janadamek.malopolska.pl\/wp-content\/uploads\/2023\/02\/Przeglad-Handlowy.jpg 1342w\" sizes=\"auto, (max-width: 833px) 100vw, 833px\" \/><\/figure>\n","protected":false},"excerpt":{"rendered":"<p>powr\u00f3t DOKUMENTY<\/p>\n","protected":false},"author":1,"featured_media":0,"parent":0,"menu_order":0,"comment_status":"closed","ping_status":"closed","template":"","meta":{"footnotes":""},"class_list":["post-433","page","type-page","status-publish","hentry"],"_links":{"self":[{"href":"https:\/\/janadamek.malopolska.pl\/index.php\/wp-json\/wp\/v2\/pages\/433","targetHints":{"allow":["GET"]}}],"collection":[{"href":"https:\/\/janadamek.malopolska.pl\/index.php\/wp-json\/wp\/v2\/pages"}],"about":[{"href":"https:\/\/janadamek.malopolska.pl\/index.php\/wp-json\/wp\/v2\/types\/page"}],"author":[{"embeddable":true,"href":"https:\/\/janadamek.malopolska.pl\/index.php\/wp-json\/wp\/v2\/users\/1"}],"replies":[{"embeddable":true,"href":"https:\/\/janadamek.malopolska.pl\/index.php\/wp-json\/wp\/v2\/comments?post=433"}],"version-history":[{"count":9,"href":"https:\/\/janadamek.malopolska.pl\/index.php\/wp-json\/wp\/v2\/pages\/433\/revisions"}],"predecessor-version":[{"id":744,"href":"https:\/\/janadamek.malopolska.pl\/index.php\/wp-json\/wp\/v2\/pages\/433\/revisions\/744"}],"wp:attachment":[{"href":"https:\/\/janadamek.malopolska.pl\/index.php\/wp-json\/wp\/v2\/media?parent=433"}],"curies":[{"name":"wp","href":"https:\/\/api.w.org\/{rel}","templated":true}]}}