{"id":422,"date":"2023-02-16T15:52:40","date_gmt":"2023-02-16T15:52:40","guid":{"rendered":"http:\/\/janadamek.malopolska.pl\/?page_id=422"},"modified":"2024-11-27T21:13:19","modified_gmt":"2024-11-27T21:13:19","slug":"tworczosc-wojskowa","status":"publish","type":"page","link":"https:\/\/janadamek.malopolska.pl\/index.php\/tworczosc-wojskowa\/","title":{"rendered":"Tw\u00f3rczo\u015b\u0107 wojskowa"},"content":{"rendered":"\n<p class=\"has-text-align-center\">powr\u00f3t <a href=\"http:\/\/janadamek.malopolska.pl\/index.php\/dokumenty\">DOKUMENTY<\/a><\/p>\n\n\n<div class=\"wp-block-image\">\n<figure class=\"aligncenter size-large\"><img loading=\"lazy\" decoding=\"async\" width=\"669\" height=\"1024\" src=\"http:\/\/janadamek.malopolska.pl\/wp-content\/uploads\/2023\/02\/Piesn-zolnierza-Polskiego-str1-669x1024.jpg\" alt=\"\" class=\"wp-image-424\" srcset=\"https:\/\/janadamek.malopolska.pl\/wp-content\/uploads\/2023\/02\/Piesn-zolnierza-Polskiego-str1-669x1024.jpg 669w, https:\/\/janadamek.malopolska.pl\/wp-content\/uploads\/2023\/02\/Piesn-zolnierza-Polskiego-str1-196x300.jpg 196w, https:\/\/janadamek.malopolska.pl\/wp-content\/uploads\/2023\/02\/Piesn-zolnierza-Polskiego-str1-768x1175.jpg 768w, https:\/\/janadamek.malopolska.pl\/wp-content\/uploads\/2023\/02\/Piesn-zolnierza-Polskiego-str1-1004x1536.jpg 1004w, https:\/\/janadamek.malopolska.pl\/wp-content\/uploads\/2023\/02\/Piesn-zolnierza-Polskiego-str1-1200x1836.jpg 1200w, https:\/\/janadamek.malopolska.pl\/wp-content\/uploads\/2023\/02\/Piesn-zolnierza-Polskiego-str1.jpg 1209w\" sizes=\"auto, (max-width: 669px) 100vw, 669px\" \/><figcaption class=\"wp-element-caption\">Pie\u015b\u0144 \u017co\u0142nierza Polskiego<\/figcaption><\/figure>\n<\/div>\n\n\n<figure class=\"wp-block-image size-large\"><img loading=\"lazy\" decoding=\"async\" width=\"673\" height=\"1024\" src=\"http:\/\/janadamek.malopolska.pl\/wp-content\/uploads\/2023\/02\/Piesn-zolnierza-Polskiego-str2-673x1024.jpg\" alt=\"\" class=\"wp-image-425\" srcset=\"https:\/\/janadamek.malopolska.pl\/wp-content\/uploads\/2023\/02\/Piesn-zolnierza-Polskiego-str2-673x1024.jpg 673w, https:\/\/janadamek.malopolska.pl\/wp-content\/uploads\/2023\/02\/Piesn-zolnierza-Polskiego-str2-197x300.jpg 197w, https:\/\/janadamek.malopolska.pl\/wp-content\/uploads\/2023\/02\/Piesn-zolnierza-Polskiego-str2-768x1168.jpg 768w, https:\/\/janadamek.malopolska.pl\/wp-content\/uploads\/2023\/02\/Piesn-zolnierza-Polskiego-str2-1010x1536.jpg 1010w, https:\/\/janadamek.malopolska.pl\/wp-content\/uploads\/2023\/02\/Piesn-zolnierza-Polskiego-str2-1200x1825.jpg 1200w, https:\/\/janadamek.malopolska.pl\/wp-content\/uploads\/2023\/02\/Piesn-zolnierza-Polskiego-str2.jpg 1201w\" sizes=\"auto, (max-width: 673px) 100vw, 673px\" \/><figcaption class=\"wp-element-caption\">Pie\u015b\u0144 \u017co\u0142nierza Polskiego &#8211; cd<\/figcaption><\/figure>\n\n\n\n<figure class=\"wp-block-image size-large\"><img loading=\"lazy\" decoding=\"async\" width=\"724\" height=\"1024\" src=\"https:\/\/janadamek.malopolska.pl\/wp-content\/uploads\/2024\/11\/Jak-Halerczyk-modlil-sie-kartami-w-kosciele-1-724x1024.jpg\" alt=\"\" class=\"wp-image-852\" srcset=\"https:\/\/janadamek.malopolska.pl\/wp-content\/uploads\/2024\/11\/Jak-Halerczyk-modlil-sie-kartami-w-kosciele-1-724x1024.jpg 724w, https:\/\/janadamek.malopolska.pl\/wp-content\/uploads\/2024\/11\/Jak-Halerczyk-modlil-sie-kartami-w-kosciele-1-212x300.jpg 212w, https:\/\/janadamek.malopolska.pl\/wp-content\/uploads\/2024\/11\/Jak-Halerczyk-modlil-sie-kartami-w-kosciele-1-768x1086.jpg 768w, https:\/\/janadamek.malopolska.pl\/wp-content\/uploads\/2024\/11\/Jak-Halerczyk-modlil-sie-kartami-w-kosciele-1-1087x1536.jpg 1087w, https:\/\/janadamek.malopolska.pl\/wp-content\/uploads\/2024\/11\/Jak-Halerczyk-modlil-sie-kartami-w-kosciele-1-1449x2048.jpg 1449w, https:\/\/janadamek.malopolska.pl\/wp-content\/uploads\/2024\/11\/Jak-Halerczyk-modlil-sie-kartami-w-kosciele-1-1200x1696.jpg 1200w, https:\/\/janadamek.malopolska.pl\/wp-content\/uploads\/2024\/11\/Jak-Halerczyk-modlil-sie-kartami-w-kosciele-1.jpg 1654w\" sizes=\"auto, (max-width: 724px) 100vw, 724px\" \/><figcaption class=\"wp-element-caption\">Jak si\u0119 Halerczyk modli\u0142 kartami w ko\u015bciele<\/figcaption><\/figure>\n\n\n\n<figure class=\"wp-block-image size-full\"><img loading=\"lazy\" decoding=\"async\" width=\"755\" height=\"138\" src=\"https:\/\/janadamek.malopolska.pl\/wp-content\/uploads\/2024\/11\/Modlitwa-z-kart-cd1.png\" alt=\"\" class=\"wp-image-853\" srcset=\"https:\/\/janadamek.malopolska.pl\/wp-content\/uploads\/2024\/11\/Modlitwa-z-kart-cd1.png 755w, https:\/\/janadamek.malopolska.pl\/wp-content\/uploads\/2024\/11\/Modlitwa-z-kart-cd1-300x55.png 300w\" sizes=\"auto, (max-width: 755px) 100vw, 755px\" \/><figcaption class=\"wp-element-caption\">Jak si\u0119 Halerczyk modli\u0142 kartami w ko\u015bciele &#8211; cd<\/figcaption><\/figure>\n\n\n\n<figure class=\"wp-block-image size-large\"><img loading=\"lazy\" decoding=\"async\" width=\"724\" height=\"1024\" src=\"https:\/\/janadamek.malopolska.pl\/wp-content\/uploads\/2024\/11\/Jak-Halerczyk-modlil-sie-kartami-w-kosciele-3-724x1024.jpg\" alt=\"\" class=\"wp-image-854\" srcset=\"https:\/\/janadamek.malopolska.pl\/wp-content\/uploads\/2024\/11\/Jak-Halerczyk-modlil-sie-kartami-w-kosciele-3-724x1024.jpg 724w, https:\/\/janadamek.malopolska.pl\/wp-content\/uploads\/2024\/11\/Jak-Halerczyk-modlil-sie-kartami-w-kosciele-3-212x300.jpg 212w, https:\/\/janadamek.malopolska.pl\/wp-content\/uploads\/2024\/11\/Jak-Halerczyk-modlil-sie-kartami-w-kosciele-3-768x1086.jpg 768w, https:\/\/janadamek.malopolska.pl\/wp-content\/uploads\/2024\/11\/Jak-Halerczyk-modlil-sie-kartami-w-kosciele-3-1087x1536.jpg 1087w, https:\/\/janadamek.malopolska.pl\/wp-content\/uploads\/2024\/11\/Jak-Halerczyk-modlil-sie-kartami-w-kosciele-3-1449x2048.jpg 1449w, https:\/\/janadamek.malopolska.pl\/wp-content\/uploads\/2024\/11\/Jak-Halerczyk-modlil-sie-kartami-w-kosciele-3-1200x1696.jpg 1200w, https:\/\/janadamek.malopolska.pl\/wp-content\/uploads\/2024\/11\/Jak-Halerczyk-modlil-sie-kartami-w-kosciele-3.jpg 1654w\" sizes=\"auto, (max-width: 724px) 100vw, 724px\" \/><figcaption class=\"wp-element-caption\">Jak si\u0119 Halerczyk modli\u0142 kartami w ko\u015bciele &#8211; cd<\/figcaption><\/figure>\n\n\n\n<figure class=\"wp-block-image size-large\"><img loading=\"lazy\" decoding=\"async\" width=\"615\" height=\"1024\" src=\"http:\/\/janadamek.malopolska.pl\/wp-content\/uploads\/2023\/02\/Powrot-Hallerczykow-z-APGH-do-Ameryki-615x1024.jpg\" alt=\"\" class=\"wp-image-430\" srcset=\"https:\/\/janadamek.malopolska.pl\/wp-content\/uploads\/2023\/02\/Powrot-Hallerczykow-z-APGH-do-Ameryki-615x1024.jpg 615w, https:\/\/janadamek.malopolska.pl\/wp-content\/uploads\/2023\/02\/Powrot-Hallerczykow-z-APGH-do-Ameryki-180x300.jpg 180w, https:\/\/janadamek.malopolska.pl\/wp-content\/uploads\/2023\/02\/Powrot-Hallerczykow-z-APGH-do-Ameryki-768x1278.jpg 768w, https:\/\/janadamek.malopolska.pl\/wp-content\/uploads\/2023\/02\/Powrot-Hallerczykow-z-APGH-do-Ameryki-923x1536.jpg 923w, https:\/\/janadamek.malopolska.pl\/wp-content\/uploads\/2023\/02\/Powrot-Hallerczykow-z-APGH-do-Ameryki-1230x2048.jpg 1230w, https:\/\/janadamek.malopolska.pl\/wp-content\/uploads\/2023\/02\/Powrot-Hallerczykow-z-APGH-do-Ameryki-1200x1998.jpg 1200w, https:\/\/janadamek.malopolska.pl\/wp-content\/uploads\/2023\/02\/Powrot-Hallerczykow-z-APGH-do-Ameryki.jpg 1315w\" sizes=\"auto, (max-width: 615px) 100vw, 615px\" \/><figcaption class=\"wp-element-caption\">Powr\u00f3t Hallerczyk\u00f3w z APGH do Ameryki<\/figcaption><\/figure>\n\n\n<div class=\"wp-block-image\">\n<figure class=\"aligncenter size-large\"><img loading=\"lazy\" decoding=\"async\" width=\"390\" height=\"1024\" src=\"http:\/\/janadamek.malopolska.pl\/wp-content\/uploads\/2023\/02\/Rota-Gornoslaska-390x1024.jpg\" alt=\"\" class=\"wp-image-431\" srcset=\"https:\/\/janadamek.malopolska.pl\/wp-content\/uploads\/2023\/02\/Rota-Gornoslaska-390x1024.jpg 390w, https:\/\/janadamek.malopolska.pl\/wp-content\/uploads\/2023\/02\/Rota-Gornoslaska-114x300.jpg 114w, https:\/\/janadamek.malopolska.pl\/wp-content\/uploads\/2023\/02\/Rota-Gornoslaska.jpg 456w\" sizes=\"auto, (max-width: 390px) 100vw, 390px\" \/><\/figure>\n<\/div>\n\n\n<p><\/p>\n","protected":false},"excerpt":{"rendered":"<p>powr\u00f3t DOKUMENTY<\/p>\n","protected":false},"author":1,"featured_media":0,"parent":0,"menu_order":0,"comment_status":"closed","ping_status":"closed","template":"","meta":{"footnotes":""},"class_list":["post-422","page","type-page","status-publish","hentry"],"_links":{"self":[{"href":"https:\/\/janadamek.malopolska.pl\/index.php\/wp-json\/wp\/v2\/pages\/422","targetHints":{"allow":["GET"]}}],"collection":[{"href":"https:\/\/janadamek.malopolska.pl\/index.php\/wp-json\/wp\/v2\/pages"}],"about":[{"href":"https:\/\/janadamek.malopolska.pl\/index.php\/wp-json\/wp\/v2\/types\/page"}],"author":[{"embeddable":true,"href":"https:\/\/janadamek.malopolska.pl\/index.php\/wp-json\/wp\/v2\/users\/1"}],"replies":[{"embeddable":true,"href":"https:\/\/janadamek.malopolska.pl\/index.php\/wp-json\/wp\/v2\/comments?post=422"}],"version-history":[{"count":7,"href":"https:\/\/janadamek.malopolska.pl\/index.php\/wp-json\/wp\/v2\/pages\/422\/revisions"}],"predecessor-version":[{"id":856,"href":"https:\/\/janadamek.malopolska.pl\/index.php\/wp-json\/wp\/v2\/pages\/422\/revisions\/856"}],"wp:attachment":[{"href":"https:\/\/janadamek.malopolska.pl\/index.php\/wp-json\/wp\/v2\/media?parent=422"}],"curies":[{"name":"wp","href":"https:\/\/api.w.org\/{rel}","templated":true}]}}