{"id":182,"date":"2023-02-13T13:10:23","date_gmt":"2023-02-13T13:10:23","guid":{"rendered":"http:\/\/janadamek.malopolska.pl\/?page_id=182"},"modified":"2023-02-13T17:30:25","modified_gmt":"2023-02-13T17:30:25","slug":"odznaka-pamiatkowa-44-pulku-strzelcow-kresowych","status":"publish","type":"page","link":"https:\/\/janadamek.malopolska.pl\/index.php\/odznaka-pamiatkowa-44-pulku-strzelcow-kresowych\/","title":{"rendered":"Odznaka pami\u0105tkowa 44 Pu\u0142ku Strzelc\u00f3w Kresowych"},"content":{"rendered":"\n<p class=\"has-text-align-center\"><a href=\"http:\/\/janadamek.malopolska.pl\/index.php\/odznaczenia\">powr\u00f3t ODZNACZENIA<\/a><\/p>\n\n\n\n<figure class=\"wp-block-image size-large\"><img loading=\"lazy\" decoding=\"async\" width=\"669\" height=\"1024\" src=\"http:\/\/janadamek.malopolska.pl\/wp-content\/uploads\/2023\/02\/JAdamek-prawo-noszenia-odznaki-pamiatkowej-44-Pulku-Strzelcow-Kr-669x1024.jpg\" alt=\"\" class=\"wp-image-205\" srcset=\"https:\/\/janadamek.malopolska.pl\/wp-content\/uploads\/2023\/02\/JAdamek-prawo-noszenia-odznaki-pamiatkowej-44-Pulku-Strzelcow-Kr-669x1024.jpg 669w, https:\/\/janadamek.malopolska.pl\/wp-content\/uploads\/2023\/02\/JAdamek-prawo-noszenia-odznaki-pamiatkowej-44-Pulku-Strzelcow-Kr-196x300.jpg 196w, https:\/\/janadamek.malopolska.pl\/wp-content\/uploads\/2023\/02\/JAdamek-prawo-noszenia-odznaki-pamiatkowej-44-Pulku-Strzelcow-Kr-768x1175.jpg 768w, https:\/\/janadamek.malopolska.pl\/wp-content\/uploads\/2023\/02\/JAdamek-prawo-noszenia-odznaki-pamiatkowej-44-Pulku-Strzelcow-Kr-1004x1536.jpg 1004w, https:\/\/janadamek.malopolska.pl\/wp-content\/uploads\/2023\/02\/JAdamek-prawo-noszenia-odznaki-pamiatkowej-44-Pulku-Strzelcow-Kr-1339x2048.jpg 1339w, https:\/\/janadamek.malopolska.pl\/wp-content\/uploads\/2023\/02\/JAdamek-prawo-noszenia-odznaki-pamiatkowej-44-Pulku-Strzelcow-Kr-1200x1836.jpg 1200w, https:\/\/janadamek.malopolska.pl\/wp-content\/uploads\/2023\/02\/JAdamek-prawo-noszenia-odznaki-pamiatkowej-44-Pulku-Strzelcow-Kr.jpg 1419w\" sizes=\"auto, (max-width: 669px) 100vw, 669px\" \/><\/figure>\n","protected":false},"excerpt":{"rendered":"<p>powr\u00f3t ODZNACZENIA<\/p>\n","protected":false},"author":1,"featured_media":0,"parent":0,"menu_order":0,"comment_status":"closed","ping_status":"closed","template":"","meta":{"footnotes":""},"class_list":["post-182","page","type-page","status-publish","hentry"],"_links":{"self":[{"href":"https:\/\/janadamek.malopolska.pl\/index.php\/wp-json\/wp\/v2\/pages\/182","targetHints":{"allow":["GET"]}}],"collection":[{"href":"https:\/\/janadamek.malopolska.pl\/index.php\/wp-json\/wp\/v2\/pages"}],"about":[{"href":"https:\/\/janadamek.malopolska.pl\/index.php\/wp-json\/wp\/v2\/types\/page"}],"author":[{"embeddable":true,"href":"https:\/\/janadamek.malopolska.pl\/index.php\/wp-json\/wp\/v2\/users\/1"}],"replies":[{"embeddable":true,"href":"https:\/\/janadamek.malopolska.pl\/index.php\/wp-json\/wp\/v2\/comments?post=182"}],"version-history":[{"count":5,"href":"https:\/\/janadamek.malopolska.pl\/index.php\/wp-json\/wp\/v2\/pages\/182\/revisions"}],"predecessor-version":[{"id":270,"href":"https:\/\/janadamek.malopolska.pl\/index.php\/wp-json\/wp\/v2\/pages\/182\/revisions\/270"}],"wp:attachment":[{"href":"https:\/\/janadamek.malopolska.pl\/index.php\/wp-json\/wp\/v2\/media?parent=182"}],"curies":[{"name":"wp","href":"https:\/\/api.w.org\/{rel}","templated":true}]}}