{"id":173,"date":"2023-02-13T13:04:41","date_gmt":"2023-02-13T13:04:41","guid":{"rendered":"http:\/\/janadamek.malopolska.pl\/?page_id=173"},"modified":"2023-02-13T17:31:27","modified_gmt":"2023-02-13T17:31:27","slug":"dyplom-krzyza-zolnierzy-polskich-z-ameryki","status":"publish","type":"page","link":"https:\/\/janadamek.malopolska.pl\/index.php\/dyplom-krzyza-zolnierzy-polskich-z-ameryki\/","title":{"rendered":"Dyplom krzy\u017ca \u017co\u0142nierzy polskich z Ameryki"},"content":{"rendered":"\n<p class=\"has-text-align-center\"><a href=\"http:\/\/janadamek.malopolska.pl\/index.php\/odznaczenia\">powr\u00f3t ODZNACZENIA<\/a><\/p>\n\n\n\n<figure class=\"wp-block-image size-large\"><img loading=\"lazy\" decoding=\"async\" width=\"674\" height=\"1024\" src=\"http:\/\/janadamek.malopolska.pl\/wp-content\/uploads\/2023\/02\/JAdamek-Dyplom-krzyza-zolnierzy-polskich-z-Ameryki-674x1024.jpg\" alt=\"\" class=\"wp-image-211\" srcset=\"https:\/\/janadamek.malopolska.pl\/wp-content\/uploads\/2023\/02\/JAdamek-Dyplom-krzyza-zolnierzy-polskich-z-Ameryki-674x1024.jpg 674w, https:\/\/janadamek.malopolska.pl\/wp-content\/uploads\/2023\/02\/JAdamek-Dyplom-krzyza-zolnierzy-polskich-z-Ameryki-198x300.jpg 198w, https:\/\/janadamek.malopolska.pl\/wp-content\/uploads\/2023\/02\/JAdamek-Dyplom-krzyza-zolnierzy-polskich-z-Ameryki-768x1166.jpg 768w, https:\/\/janadamek.malopolska.pl\/wp-content\/uploads\/2023\/02\/JAdamek-Dyplom-krzyza-zolnierzy-polskich-z-Ameryki-1012x1536.jpg 1012w, https:\/\/janadamek.malopolska.pl\/wp-content\/uploads\/2023\/02\/JAdamek-Dyplom-krzyza-zolnierzy-polskich-z-Ameryki-1349x2048.jpg 1349w, https:\/\/janadamek.malopolska.pl\/wp-content\/uploads\/2023\/02\/JAdamek-Dyplom-krzyza-zolnierzy-polskich-z-Ameryki-1200x1822.jpg 1200w, https:\/\/janadamek.malopolska.pl\/wp-content\/uploads\/2023\/02\/JAdamek-Dyplom-krzyza-zolnierzy-polskich-z-Ameryki.jpg 1540w\" sizes=\"auto, (max-width: 674px) 100vw, 674px\" \/><\/figure>\n","protected":false},"excerpt":{"rendered":"<p>powr\u00f3t ODZNACZENIA<\/p>\n","protected":false},"author":1,"featured_media":0,"parent":0,"menu_order":0,"comment_status":"closed","ping_status":"closed","template":"","meta":{"footnotes":""},"class_list":["post-173","page","type-page","status-publish","hentry"],"_links":{"self":[{"href":"https:\/\/janadamek.malopolska.pl\/index.php\/wp-json\/wp\/v2\/pages\/173","targetHints":{"allow":["GET"]}}],"collection":[{"href":"https:\/\/janadamek.malopolska.pl\/index.php\/wp-json\/wp\/v2\/pages"}],"about":[{"href":"https:\/\/janadamek.malopolska.pl\/index.php\/wp-json\/wp\/v2\/types\/page"}],"author":[{"embeddable":true,"href":"https:\/\/janadamek.malopolska.pl\/index.php\/wp-json\/wp\/v2\/users\/1"}],"replies":[{"embeddable":true,"href":"https:\/\/janadamek.malopolska.pl\/index.php\/wp-json\/wp\/v2\/comments?post=173"}],"version-history":[{"count":11,"href":"https:\/\/janadamek.malopolska.pl\/index.php\/wp-json\/wp\/v2\/pages\/173\/revisions"}],"predecessor-version":[{"id":271,"href":"https:\/\/janadamek.malopolska.pl\/index.php\/wp-json\/wp\/v2\/pages\/173\/revisions\/271"}],"wp:attachment":[{"href":"https:\/\/janadamek.malopolska.pl\/index.php\/wp-json\/wp\/v2\/media?parent=173"}],"curies":[{"name":"wp","href":"https:\/\/api.w.org\/{rel}","templated":true}]}}