{"id":15,"date":"2023-01-25T16:39:29","date_gmt":"2023-01-25T16:39:29","guid":{"rendered":"http:\/\/janadamek.malopolska.pl\/?page_id=15"},"modified":"2023-02-27T18:55:31","modified_gmt":"2023-02-27T18:55:31","slug":"nowe-muzeum-sztuki-nowoczesnej-otwarlo-swoje-powoje","status":"publish","type":"page","link":"https:\/\/janadamek.malopolska.pl\/","title":{"rendered":"Jan Adamek"},"content":{"rendered":"\n<p class=\"has-text-align-center\"><strong>sier\u017cant<\/strong> <strong>w Armii Polskiej we Francji<\/strong><\/p>\n\n\n\n<p class=\"has-text-align-center\">2-gi Pu\u0142k 3 Batalionu Strzelc\u00f3w Polskich<\/p>\n\n\n\n<p class=\"has-text-align-center\">3-cia Kompania Kartaczownic<\/p>\n\n\n\n<p class=\"has-text-align-center\"><a href=\"https:\/\/pl.wikipedia.org\/wiki\/44_Pu%C5%82k_Strzelc%C3%B3w_Legii_Ameryka%C5%84skiej\">44 &#8211; ty Pu\u0142k Strzelc\u00f3w Kresowych<\/a> <\/p>\n\n\n\n<p class=\"has-text-align-center\">3 &#8211; cia Kompania Karabin\u00f3w Maszynowych<\/p>\n\n\n\n<ul class=\"has-small-font-size wp-block-list\">\n<li><em>cz\u0142onek polskiej organizacji militarnej &#8211;<a href=\"https:\/\/encyklopedia.pwn.pl\/haslo\/Zwiazek-Sokolow-Polskich-w-Ameryce;4002439.html\"> <strong>Zwi\u0105zku Soko\u0142\u00f3w Polskich w Ameryce<\/strong><\/a> w Detroit stanie Michigan w USA<\/em><\/li>\n\n\n\n<li><em>absolwent <strong><a href=\"https:\/\/archiwalneopowiesci.ank.gov.pl\/wystawa\/biezanowian-drogi-do-niepodleglosci\/armia-polska-we-francji\/polska-szkola-podchorazych-w-cambridge-springs-usa\">Polskiej Szko\u0142y Podchor\u0105\u017cych w Cambridge Springs<\/a> <\/strong>w <strong>U<\/strong>SA<\/em><\/li>\n\n\n\n<li><em>ochotnik do powstaj\u0105cej we Francji<a href=\"https:\/\/pl.wikipedia.org\/wiki\/Armia_Polska_we_Francji\"> <strong>B\u0142\u0119kitnej Armii gen. J\u00f3zefa Hallera<\/strong><\/a> szkol\u0105cy si\u0119 w <strong><a href=\"https:\/\/pl.wikipedia.org\/wiki\/Tadeusz_Kosciuszko_Camp\">The Tadeusz Kosciuszko Polish Army Training Camp<\/a><\/strong> &#8211; w kanadyjskim miasteczku&nbsp;<a href=\"https:\/\/pl.wikipedia.org\/wiki\/Niagara-on-the-Lake\">Niagara-on-the-Lake<\/a>&nbsp; &#8211; na granicy ze Stanami Zjednoczonymi<\/em><\/li>\n<\/ul>\n\n\n\n<figure class=\"wp-block-gallery aligncenter has-nested-images columns-default is-cropped wp-block-gallery-1 is-layout-flex wp-block-gallery-is-layout-flex\">\n<figure class=\"wp-block-image size-large\"><img loading=\"lazy\" decoding=\"async\" width=\"653\" height=\"1024\" data-id=\"371\" src=\"http:\/\/janadamek.malopolska.pl\/wp-content\/uploads\/2023\/02\/JanAdamek-mundur-inny-653x1024.jpg\" alt=\"\" class=\"wp-image-371\" srcset=\"https:\/\/janadamek.malopolska.pl\/wp-content\/uploads\/2023\/02\/JanAdamek-mundur-inny-653x1024.jpg 653w, https:\/\/janadamek.malopolska.pl\/wp-content\/uploads\/2023\/02\/JanAdamek-mundur-inny-191x300.jpg 191w, https:\/\/janadamek.malopolska.pl\/wp-content\/uploads\/2023\/02\/JanAdamek-mundur-inny.jpg 670w\" sizes=\"auto, (max-width: 653px) 100vw, 653px\" \/><\/figure>\n\n\n\n<figure class=\"wp-block-image size-large\"><img loading=\"lazy\" decoding=\"async\" width=\"648\" height=\"1024\" data-id=\"374\" src=\"http:\/\/janadamek.malopolska.pl\/wp-content\/uploads\/2023\/02\/JanAdamek-portret-648x1024.jpg\" alt=\"\" class=\"wp-image-374\" srcset=\"https:\/\/janadamek.malopolska.pl\/wp-content\/uploads\/2023\/02\/JanAdamek-portret-648x1024.jpg 648w, https:\/\/janadamek.malopolska.pl\/wp-content\/uploads\/2023\/02\/JanAdamek-portret-190x300.jpg 190w, https:\/\/janadamek.malopolska.pl\/wp-content\/uploads\/2023\/02\/JanAdamek-portret.jpg 673w\" sizes=\"auto, (max-width: 648px) 100vw, 648px\" \/><\/figure>\n<\/figure>\n\n\n\n<p class=\"has-text-align-center\"><a href=\"https:\/\/wbh.wp.mil.pl\/pl\/skanydetale_wyszukiwarka_bazy_personalne\/180639\/\" target=\"_blank\" rel=\"noreferrer noopener\">Wojskowe Biuro Historyczne <\/a><\/p>\n\n\n\n<p class=\"has-text-align-center\">im. gen. broni Kazimierza Sosnkowskiego<\/p>\n\n\n\n<p class=\"has-text-align-center\"><a href=\"http:\/\/wspolnotapolska.org.pl\/historia\/walka\/009.php\" target=\"_blank\" rel=\"noreferrer noopener\">CZYN ZBROJNY POLAK\u00d3W Z AMERYKI<\/a><\/p>\n\n\n\n<p><a href=\"https:\/\/www.bu.umk.pl\/-\/w-drodze-do-niepodleglosci-kanadyjski-przystanek-oboz-kosciuszko-w-niagara-on-the-lake-1917-1919\">&#8222;W drodze do niepodleg\u0142o\u015bci. Kanadyjski przystanek \u2013 ob\u00f3z Ko\u015bciuszko w Niagara-on-the-Lake, 1917-19<\/a><\/p>\n\n\n\n<p><a href=\"https:\/\/www.youtube.com\/watch?v=vu0Wl73wOSs\">&#8222;W drodze do niepodleg\u0142o\u015bci. Kanadyjski przystanek &#8211; ob\u00f3z Ko\u015bciuszko w Niagara-on-the-Lake&#8221;<\/a><\/p>\n\n\n\n<p><a href=\"https:\/\/www.youtube.com\/watch?v=mb1FaAPqxTQ\">Upami\u0119tnienie polskich ochotnik\u00f3w szkolonych w Obozie Ko\u015bciuszko w Niagara-on-the-Lake w Kanadzie<\/a><\/p>\n\n\n\n<p><a href=\"https:\/\/www.youtube.com\/watch?v=0Jhn6l_HG_I\">Wystawa &#8222;W drodze do niepodleg\u0142o\u015bci. Kanadyjski przystanek &#8211; ob\u00f3z Ko\u015bciuszko w Niagara-on-the-Lake&#8221;<\/a><\/p>\n\n\n\n<p><a href=\"https:\/\/mzl.zgora.pl\/2017\/11\/10\/niagara-on-the-lake\/\">W drodze do niepodleg\u0142o\u015bci. Kanadyjski przystanek \u2013 ob\u00f3z Ko\u015bciuszko\u2026<\/a><\/p>\n","protected":false},"excerpt":{"rendered":"<p>sier\u017cant w Armii Polskiej we Francji 2-gi Pu\u0142k 3 Batalionu Strzelc\u00f3w Polskich 3-cia Kompania Kartaczownic 44 &#8211; ty Pu\u0142k Strzelc\u00f3w Kresowych 3 &#8211; cia Kompania Karabin\u00f3w Maszynowych Wojskowe Biuro Historyczne im. gen. broni Kazimierza Sosnkowskiego CZYN ZBROJNY POLAK\u00d3W Z AMERYKI &#8222;W drodze do niepodleg\u0142o\u015bci. Kanadyjski przystanek \u2013 ob\u00f3z Ko\u015bciuszko w Niagara-on-the-Lake, 1917-19 &#8222;W drodze do [&hellip;]<\/p>\n","protected":false},"author":1,"featured_media":0,"parent":0,"menu_order":0,"comment_status":"closed","ping_status":"closed","template":"","meta":{"footnotes":""},"class_list":["post-15","page","type-page","status-publish","hentry"],"_links":{"self":[{"href":"https:\/\/janadamek.malopolska.pl\/index.php\/wp-json\/wp\/v2\/pages\/15","targetHints":{"allow":["GET"]}}],"collection":[{"href":"https:\/\/janadamek.malopolska.pl\/index.php\/wp-json\/wp\/v2\/pages"}],"about":[{"href":"https:\/\/janadamek.malopolska.pl\/index.php\/wp-json\/wp\/v2\/types\/page"}],"author":[{"embeddable":true,"href":"https:\/\/janadamek.malopolska.pl\/index.php\/wp-json\/wp\/v2\/users\/1"}],"replies":[{"embeddable":true,"href":"https:\/\/janadamek.malopolska.pl\/index.php\/wp-json\/wp\/v2\/comments?post=15"}],"version-history":[{"count":41,"href":"https:\/\/janadamek.malopolska.pl\/index.php\/wp-json\/wp\/v2\/pages\/15\/revisions"}],"predecessor-version":[{"id":820,"href":"https:\/\/janadamek.malopolska.pl\/index.php\/wp-json\/wp\/v2\/pages\/15\/revisions\/820"}],"wp:attachment":[{"href":"https:\/\/janadamek.malopolska.pl\/index.php\/wp-json\/wp\/v2\/media?parent=15"}],"curies":[{"name":"wp","href":"https:\/\/api.w.org\/{rel}","templated":true}]}}