{"id":111,"date":"2023-02-04T19:54:22","date_gmt":"2023-02-04T19:54:22","guid":{"rendered":"http:\/\/janadamek.malopolska.pl\/?page_id=111"},"modified":"2024-11-27T20:07:29","modified_gmt":"2024-11-27T20:07:29","slug":"fotografie-zbiorowe","status":"publish","type":"page","link":"https:\/\/janadamek.malopolska.pl\/index.php\/fotografie-zbiorowe\/","title":{"rendered":"Fotografie zbiorowe"},"content":{"rendered":"\n<p class=\"has-text-align-center\">powr\u00f3t <a href=\"http:\/\/janadamek.malopolska.pl\/index.php\/fotografie\">FOTOGRAFIE<\/a><\/p>\n\n\n\n<figure class=\"wp-block-image alignwide size-full\"><img loading=\"lazy\" decoding=\"async\" width=\"1902\" height=\"324\" src=\"http:\/\/janadamek.malopolska.pl\/wp-content\/uploads\/2023\/02\/Armia-Hallera-3.jpg\" alt=\"\" class=\"wp-image-156\" srcset=\"https:\/\/janadamek.malopolska.pl\/wp-content\/uploads\/2023\/02\/Armia-Hallera-3.jpg 1902w, https:\/\/janadamek.malopolska.pl\/wp-content\/uploads\/2023\/02\/Armia-Hallera-3-300x51.jpg 300w, https:\/\/janadamek.malopolska.pl\/wp-content\/uploads\/2023\/02\/Armia-Hallera-3-1024x174.jpg 1024w, https:\/\/janadamek.malopolska.pl\/wp-content\/uploads\/2023\/02\/Armia-Hallera-3-768x131.jpg 768w, https:\/\/janadamek.malopolska.pl\/wp-content\/uploads\/2023\/02\/Armia-Hallera-3-1536x262.jpg 1536w, https:\/\/janadamek.malopolska.pl\/wp-content\/uploads\/2023\/02\/Armia-Hallera-3-1200x204.jpg 1200w\" sizes=\"auto, (max-width: 1902px) 100vw, 1902px\" \/><figcaption class=\"wp-element-caption\">518-th General Halleries Army of Poland Camp Div. N. J. Feb. 1921<\/figcaption><\/figure>\n\n\n\n<figure class=\"wp-block-image alignwide size-full\"><img loading=\"lazy\" decoding=\"async\" width=\"1076\" height=\"834\" src=\"http:\/\/janadamek.malopolska.pl\/wp-content\/uploads\/2023\/01\/JanAdamek-mundur.png\" alt=\"\" class=\"wp-image-50\" srcset=\"https:\/\/janadamek.malopolska.pl\/wp-content\/uploads\/2023\/01\/JanAdamek-mundur.png 1076w, https:\/\/janadamek.malopolska.pl\/wp-content\/uploads\/2023\/01\/JanAdamek-mundur-300x233.png 300w, https:\/\/janadamek.malopolska.pl\/wp-content\/uploads\/2023\/01\/JanAdamek-mundur-1024x794.png 1024w, https:\/\/janadamek.malopolska.pl\/wp-content\/uploads\/2023\/01\/JanAdamek-mundur-768x595.png 768w\" sizes=\"auto, (max-width: 1076px) 100vw, 1076px\" \/><figcaption class=\"wp-element-caption\">Jan Adamek &#8211; w mundurze z w\u0105sami &#8211; w \u015brodku pierwszego rz\u0119du <br>Zdj\u0119cie pochodzi z 1917 roku i przedstawia kadet\u00f3w III Pu\u0142ku Armii Polskiej w <strong>Tadeusz Kosciuszko Camp<\/strong>, w\u0142a\u015bciwie&nbsp;<strong>The Tadeusz Kosciuszko Polish Army Training Camp<\/strong>, potocznie&nbsp;<strong>Camp Kosciuszko<\/strong>&nbsp;\u2013 ob\u00f3z szkoleniowy dla ponad 22 tysi\u0119cy polskich ochotnik\u00f3w do powstaj\u0105cej we Francji&nbsp;<a href=\"https:\/\/pl.wikipedia.org\/wiki\/Armia_Polska_we_Francji\">B\u0142\u0119kitnej Armii<\/a>&nbsp;gen.&nbsp;<a href=\"https:\/\/pl.wikipedia.org\/wiki\/J%C3%B3zef_Haller\">J\u00f3zefa Hallera<\/a>, zorganizowany w latach 1917-1919 w kanadyjskim miasteczku&nbsp;<a href=\"https:\/\/pl.wikipedia.org\/wiki\/Niagara-on-the-Lake\">Niagara-on-the-Lake<\/a>&nbsp;na granicy ze Stanami Zjednoczonymi<\/figcaption><\/figure>\n\n\n\n<figure class=\"wp-block-image alignwide size-full\"><img loading=\"lazy\" decoding=\"async\" width=\"800\" height=\"533\" src=\"http:\/\/janadamek.malopolska.pl\/wp-content\/uploads\/2023\/02\/JanAdamek-polowe.png\" alt=\"\" class=\"wp-image-90\" srcset=\"https:\/\/janadamek.malopolska.pl\/wp-content\/uploads\/2023\/02\/JanAdamek-polowe.png 800w, https:\/\/janadamek.malopolska.pl\/wp-content\/uploads\/2023\/02\/JanAdamek-polowe-300x200.png 300w, https:\/\/janadamek.malopolska.pl\/wp-content\/uploads\/2023\/02\/JanAdamek-polowe-768x512.png 768w\" sizes=\"auto, (max-width: 800px) 100vw, 800px\" \/><figcaption class=\"wp-element-caption\">Jan Adamek &#8211; drugi od lewej w pierwszym rz\u0119dzie<br>Kurs Okr. VI. Z. S. P. w Am. Od 12 marca do 16 kwietnia, 1916 r., w So. Bend. Ind.<\/figcaption><\/figure>\n\n\n\n<figure class=\"wp-block-image alignwide size-large\"><img loading=\"lazy\" decoding=\"async\" width=\"1024\" height=\"648\" src=\"http:\/\/janadamek.malopolska.pl\/wp-content\/uploads\/2023\/02\/JanAdamek-zbiorowe-1024x648.jpg\" alt=\"\" class=\"wp-image-380\" srcset=\"https:\/\/janadamek.malopolska.pl\/wp-content\/uploads\/2023\/02\/JanAdamek-zbiorowe-1024x648.jpg 1024w, https:\/\/janadamek.malopolska.pl\/wp-content\/uploads\/2023\/02\/JanAdamek-zbiorowe-300x190.jpg 300w, https:\/\/janadamek.malopolska.pl\/wp-content\/uploads\/2023\/02\/JanAdamek-zbiorowe-768x486.jpg 768w, https:\/\/janadamek.malopolska.pl\/wp-content\/uploads\/2023\/02\/JanAdamek-zbiorowe-rotated.jpg 1068w\" sizes=\"auto, (max-width: 1024px) 100vw, 1024px\" \/><figcaption class=\"wp-element-caption\">Jan Adamek pierwszy z lewej &#8211; zaznaczony X<\/figcaption><\/figure>\n\n\n\n<figure class=\"wp-block-image size-full\"><img loading=\"lazy\" decoding=\"async\" width=\"777\" height=\"419\" src=\"https:\/\/janadamek.malopolska.pl\/wp-content\/uploads\/2024\/11\/Zdjecie-zbiorowe-na-ulicy.png\" alt=\"\" class=\"wp-image-847\" srcset=\"https:\/\/janadamek.malopolska.pl\/wp-content\/uploads\/2024\/11\/Zdjecie-zbiorowe-na-ulicy.png 777w, https:\/\/janadamek.malopolska.pl\/wp-content\/uploads\/2024\/11\/Zdjecie-zbiorowe-na-ulicy-300x162.png 300w, https:\/\/janadamek.malopolska.pl\/wp-content\/uploads\/2024\/11\/Zdjecie-zbiorowe-na-ulicy-768x414.png 768w\" sizes=\"auto, (max-width: 777px) 100vw, 777px\" \/><figcaption class=\"wp-element-caption\">Zdj\u0119cie zbiorowe na jakiej\u015b ulicy<\/figcaption><\/figure>\n\n\n\n<figure class=\"wp-block-image size-large\"><img loading=\"lazy\" decoding=\"async\" width=\"1024\" height=\"652\" src=\"https:\/\/janadamek.malopolska.pl\/wp-content\/uploads\/2024\/11\/Zdjecie-zbiorowe-na-ulicy-przyblizenie-1024x652.png\" alt=\"\" class=\"wp-image-849\" srcset=\"https:\/\/janadamek.malopolska.pl\/wp-content\/uploads\/2024\/11\/Zdjecie-zbiorowe-na-ulicy-przyblizenie-1024x652.png 1024w, https:\/\/janadamek.malopolska.pl\/wp-content\/uploads\/2024\/11\/Zdjecie-zbiorowe-na-ulicy-przyblizenie-300x191.png 300w, https:\/\/janadamek.malopolska.pl\/wp-content\/uploads\/2024\/11\/Zdjecie-zbiorowe-na-ulicy-przyblizenie-768x489.png 768w, https:\/\/janadamek.malopolska.pl\/wp-content\/uploads\/2024\/11\/Zdjecie-zbiorowe-na-ulicy-przyblizenie-1200x764.png 1200w, https:\/\/janadamek.malopolska.pl\/wp-content\/uploads\/2024\/11\/Zdjecie-zbiorowe-na-ulicy-przyblizenie.png 1436w\" sizes=\"auto, (max-width: 1024px) 100vw, 1024px\" \/><figcaption class=\"wp-element-caption\">Zdj\u0119cie zbiorowe na jakiej\u015b ulicy &#8211; przybli\u017cenie<\/figcaption><\/figure>\n","protected":false},"excerpt":{"rendered":"<p>powr\u00f3t FOTOGRAFIE<\/p>\n","protected":false},"author":1,"featured_media":0,"parent":0,"menu_order":0,"comment_status":"closed","ping_status":"closed","template":"","meta":{"footnotes":""},"class_list":["post-111","page","type-page","status-publish","hentry"],"_links":{"self":[{"href":"https:\/\/janadamek.malopolska.pl\/index.php\/wp-json\/wp\/v2\/pages\/111","targetHints":{"allow":["GET"]}}],"collection":[{"href":"https:\/\/janadamek.malopolska.pl\/index.php\/wp-json\/wp\/v2\/pages"}],"about":[{"href":"https:\/\/janadamek.malopolska.pl\/index.php\/wp-json\/wp\/v2\/types\/page"}],"author":[{"embeddable":true,"href":"https:\/\/janadamek.malopolska.pl\/index.php\/wp-json\/wp\/v2\/users\/1"}],"replies":[{"embeddable":true,"href":"https:\/\/janadamek.malopolska.pl\/index.php\/wp-json\/wp\/v2\/comments?post=111"}],"version-history":[{"count":16,"href":"https:\/\/janadamek.malopolska.pl\/index.php\/wp-json\/wp\/v2\/pages\/111\/revisions"}],"predecessor-version":[{"id":850,"href":"https:\/\/janadamek.malopolska.pl\/index.php\/wp-json\/wp\/v2\/pages\/111\/revisions\/850"}],"wp:attachment":[{"href":"https:\/\/janadamek.malopolska.pl\/index.php\/wp-json\/wp\/v2\/media?parent=111"}],"curies":[{"name":"wp","href":"https:\/\/api.w.org\/{rel}","templated":true}]}}