{"id":106,"date":"2023-02-04T19:52:00","date_gmt":"2023-02-04T19:52:00","guid":{"rendered":"http:\/\/janadamek.malopolska.pl\/?page_id=106"},"modified":"2024-11-27T19:38:32","modified_gmt":"2024-11-27T19:38:32","slug":"fotografie-jana-adamka","status":"publish","type":"page","link":"https:\/\/janadamek.malopolska.pl\/index.php\/fotografie-jana-adamka\/","title":{"rendered":"Fotografie Jana Adamka w cywilu"},"content":{"rendered":"\n<p class=\"has-text-align-center\">powr\u00f3t<a href=\"http:\/\/janadamek.malopolska.pl\/index.php\/fotografie\"> FOTOGRAFIE<\/a><\/p>\n\n\n\n<figure class=\"wp-block-image size-large\"><img loading=\"lazy\" decoding=\"async\" width=\"648\" height=\"1024\" src=\"http:\/\/janadamek.malopolska.pl\/wp-content\/uploads\/2023\/02\/JanAdamek-portret-648x1024.jpg\" alt=\"\" class=\"wp-image-374\" srcset=\"https:\/\/janadamek.malopolska.pl\/wp-content\/uploads\/2023\/02\/JanAdamek-portret-648x1024.jpg 648w, https:\/\/janadamek.malopolska.pl\/wp-content\/uploads\/2023\/02\/JanAdamek-portret-190x300.jpg 190w, https:\/\/janadamek.malopolska.pl\/wp-content\/uploads\/2023\/02\/JanAdamek-portret.jpg 673w\" sizes=\"auto, (max-width: 648px) 100vw, 648px\" \/><\/figure>\n\n\n\n<figure class=\"wp-block-gallery has-nested-images columns-default is-cropped wp-block-gallery-1 is-layout-flex wp-block-gallery-is-layout-flex\">\n<figure class=\"wp-block-image size-large\"><img loading=\"lazy\" decoding=\"async\" width=\"508\" height=\"800\" data-id=\"118\" src=\"http:\/\/janadamek.malopolska.pl\/wp-content\/uploads\/2023\/02\/JanAdamek-portret.png\" alt=\"\" class=\"wp-image-118\" srcset=\"https:\/\/janadamek.malopolska.pl\/wp-content\/uploads\/2023\/02\/JanAdamek-portret.png 508w, https:\/\/janadamek.malopolska.pl\/wp-content\/uploads\/2023\/02\/JanAdamek-portret-191x300.png 191w\" sizes=\"auto, (max-width: 508px) 100vw, 508px\" \/><\/figure>\n<\/figure>\n\n\n\n<figure class=\"wp-block-image size-full\"><img loading=\"lazy\" decoding=\"async\" width=\"689\" height=\"978\" src=\"https:\/\/janadamek.malopolska.pl\/wp-content\/uploads\/2023\/02\/Jan-Adamek-popiersie-1.jpg\" alt=\"\" class=\"wp-image-816\" srcset=\"https:\/\/janadamek.malopolska.pl\/wp-content\/uploads\/2023\/02\/Jan-Adamek-popiersie-1.jpg 689w, https:\/\/janadamek.malopolska.pl\/wp-content\/uploads\/2023\/02\/Jan-Adamek-popiersie-1-211x300.jpg 211w\" sizes=\"auto, (max-width: 689px) 100vw, 689px\" \/><\/figure>\n\n\n\n<figure class=\"wp-block-image size-large\"><img loading=\"lazy\" decoding=\"async\" width=\"699\" height=\"1024\" src=\"https:\/\/janadamek.malopolska.pl\/wp-content\/uploads\/2023\/02\/Jan-Adamek-jasny-garnitur-1-699x1024.jpg\" alt=\"\" class=\"wp-image-814\" srcset=\"https:\/\/janadamek.malopolska.pl\/wp-content\/uploads\/2023\/02\/Jan-Adamek-jasny-garnitur-1-699x1024.jpg 699w, https:\/\/janadamek.malopolska.pl\/wp-content\/uploads\/2023\/02\/Jan-Adamek-jasny-garnitur-1-205x300.jpg 205w, https:\/\/janadamek.malopolska.pl\/wp-content\/uploads\/2023\/02\/Jan-Adamek-jasny-garnitur-1.jpg 707w\" sizes=\"auto, (max-width: 699px) 100vw, 699px\" \/><\/figure>\n\n\n<div class=\"wp-block-image\">\n<figure class=\"aligncenter size-full\"><img loading=\"lazy\" decoding=\"async\" width=\"500\" height=\"887\" src=\"http:\/\/janadamek.malopolska.pl\/wp-content\/uploads\/2023\/02\/JAdamek-stojac.jpg\" alt=\"\" class=\"wp-image-747\" srcset=\"https:\/\/janadamek.malopolska.pl\/wp-content\/uploads\/2023\/02\/JAdamek-stojac.jpg 500w, https:\/\/janadamek.malopolska.pl\/wp-content\/uploads\/2023\/02\/JAdamek-stojac-169x300.jpg 169w\" sizes=\"auto, (max-width: 500px) 100vw, 500px\" \/><\/figure>\n<\/div>\n\n<div class=\"wp-block-image\">\n<figure class=\"aligncenter size-full\"><img loading=\"lazy\" decoding=\"async\" width=\"528\" height=\"911\" src=\"http:\/\/janadamek.malopolska.pl\/wp-content\/uploads\/2023\/02\/JAdamek-na-krzesle-1.jpg\" alt=\"\" class=\"wp-image-748\" srcset=\"https:\/\/janadamek.malopolska.pl\/wp-content\/uploads\/2023\/02\/JAdamek-na-krzesle-1.jpg 528w, https:\/\/janadamek.malopolska.pl\/wp-content\/uploads\/2023\/02\/JAdamek-na-krzesle-1-174x300.jpg 174w\" sizes=\"auto, (max-width: 528px) 100vw, 528px\" \/><\/figure>\n<\/div>\n\n<div class=\"wp-block-image\">\n<figure class=\"aligncenter size-full\"><img loading=\"lazy\" decoding=\"async\" width=\"480\" height=\"488\" src=\"http:\/\/janadamek.malopolska.pl\/wp-content\/uploads\/2023\/02\/JanAdamek-portret-inny.jpg\" alt=\"\" class=\"wp-image-377\" srcset=\"https:\/\/janadamek.malopolska.pl\/wp-content\/uploads\/2023\/02\/JanAdamek-portret-inny.jpg 480w, https:\/\/janadamek.malopolska.pl\/wp-content\/uploads\/2023\/02\/JanAdamek-portret-inny-295x300.jpg 295w\" sizes=\"auto, (max-width: 480px) 100vw, 480px\" \/><figcaption class=\"wp-element-caption\">Jan Adamek &#8211; zdj\u0119cie paszportowe<\/figcaption><\/figure>\n<\/div>\n\n\n<figure class=\"wp-block-image size-large\"><img loading=\"lazy\" decoding=\"async\" width=\"673\" height=\"1024\" src=\"http:\/\/janadamek.malopolska.pl\/wp-content\/uploads\/2023\/02\/JanAdamek-podkoszulek-673x1024.jpg\" alt=\"\" class=\"wp-image-564\" srcset=\"https:\/\/janadamek.malopolska.pl\/wp-content\/uploads\/2023\/02\/JanAdamek-podkoszulek-673x1024.jpg 673w, https:\/\/janadamek.malopolska.pl\/wp-content\/uploads\/2023\/02\/JanAdamek-podkoszulek-197x300.jpg 197w, https:\/\/janadamek.malopolska.pl\/wp-content\/uploads\/2023\/02\/JanAdamek-podkoszulek.jpg 682w\" sizes=\"auto, (max-width: 673px) 100vw, 673px\" \/><\/figure>\n\n\n\n<figure class=\"wp-block-image size-large\"><img loading=\"lazy\" decoding=\"async\" width=\"1024\" height=\"676\" src=\"http:\/\/janadamek.malopolska.pl\/wp-content\/uploads\/2023\/02\/JanAdamek-podkoszulek-t-1024x676.jpg\" alt=\"\" class=\"wp-image-566\" srcset=\"https:\/\/janadamek.malopolska.pl\/wp-content\/uploads\/2023\/02\/JanAdamek-podkoszulek-t-1024x676.jpg 1024w, https:\/\/janadamek.malopolska.pl\/wp-content\/uploads\/2023\/02\/JanAdamek-podkoszulek-t-300x198.jpg 300w, https:\/\/janadamek.malopolska.pl\/wp-content\/uploads\/2023\/02\/JanAdamek-podkoszulek-t-768x507.jpg 768w, https:\/\/janadamek.malopolska.pl\/wp-content\/uploads\/2023\/02\/JanAdamek-podkoszulek-t-rotated.jpg 1029w\" sizes=\"auto, (max-width: 1024px) 100vw, 1024px\" \/><figcaption class=\"wp-element-caption\">Druga strona zdj\u0119cia stanowi\u0142a kartk\u0119 pocztow\u0105<\/figcaption><\/figure>\n\n\n\n<figure class=\"wp-block-image alignwide size-full\"><img loading=\"lazy\" decoding=\"async\" width=\"848\" height=\"622\" src=\"http:\/\/janadamek.malopolska.pl\/wp-content\/uploads\/2023\/02\/Przyjecie.jpg\" alt=\"\" class=\"wp-image-596\" srcset=\"https:\/\/janadamek.malopolska.pl\/wp-content\/uploads\/2023\/02\/Przyjecie.jpg 848w, https:\/\/janadamek.malopolska.pl\/wp-content\/uploads\/2023\/02\/Przyjecie-300x220.jpg 300w, https:\/\/janadamek.malopolska.pl\/wp-content\/uploads\/2023\/02\/Przyjecie-768x563.jpg 768w\" sizes=\"auto, (max-width: 848px) 100vw, 848px\" \/><figcaption class=\"wp-element-caption\">Jan Adamek na przyj\u0119ciu &#8211; stoi za sto\u0142em &#8211; jego g\u0142ow\u0119 wida\u0107 nad g\u0142ow\u0105 m\u0119\u017cczyzny z pierwszego planu<\/figcaption><\/figure>\n\n\n\n<figure class=\"wp-block-image size-large\"><img loading=\"lazy\" decoding=\"async\" width=\"1024\" height=\"746\" src=\"https:\/\/janadamek.malopolska.pl\/wp-content\/uploads\/2024\/11\/Jan-Adamek-z-pismem1-1024x746.png\" alt=\"\" class=\"wp-image-836\" srcset=\"https:\/\/janadamek.malopolska.pl\/wp-content\/uploads\/2024\/11\/Jan-Adamek-z-pismem1-1024x746.png 1024w, https:\/\/janadamek.malopolska.pl\/wp-content\/uploads\/2024\/11\/Jan-Adamek-z-pismem1-300x218.png 300w, https:\/\/janadamek.malopolska.pl\/wp-content\/uploads\/2024\/11\/Jan-Adamek-z-pismem1-768x559.png 768w, https:\/\/janadamek.malopolska.pl\/wp-content\/uploads\/2024\/11\/Jan-Adamek-z-pismem1-1200x874.png 1200w, https:\/\/janadamek.malopolska.pl\/wp-content\/uploads\/2024\/11\/Jan-Adamek-z-pismem1.png 1244w\" sizes=\"auto, (max-width: 1024px) 100vw, 1024px\" \/><figcaption class=\"wp-element-caption\">Jan Adamek otrzymuje jaki\u015b dokument<\/figcaption><\/figure>\n\n\n\n<figure class=\"wp-block-image size-large\"><img loading=\"lazy\" decoding=\"async\" width=\"1024\" height=\"768\" src=\"https:\/\/janadamek.malopolska.pl\/wp-content\/uploads\/2024\/11\/Jan-Adamek-z-pismem2-1024x768.png\" alt=\"\" class=\"wp-image-835\" srcset=\"https:\/\/janadamek.malopolska.pl\/wp-content\/uploads\/2024\/11\/Jan-Adamek-z-pismem2-1024x768.png 1024w, https:\/\/janadamek.malopolska.pl\/wp-content\/uploads\/2024\/11\/Jan-Adamek-z-pismem2-300x225.png 300w, https:\/\/janadamek.malopolska.pl\/wp-content\/uploads\/2024\/11\/Jan-Adamek-z-pismem2-768x576.png 768w, https:\/\/janadamek.malopolska.pl\/wp-content\/uploads\/2024\/11\/Jan-Adamek-z-pismem2-1200x900.png 1200w, https:\/\/janadamek.malopolska.pl\/wp-content\/uploads\/2024\/11\/Jan-Adamek-z-pismem2.png 1355w\" sizes=\"auto, (max-width: 1024px) 100vw, 1024px\" \/><figcaption class=\"wp-element-caption\">Jan Adamek z jakim\u015b dokumentem &#8211; z lewej strony z ty\u0142u<\/figcaption><\/figure>\n\n\n<div class=\"wp-block-image\">\n<figure class=\"aligncenter size-full\"><img loading=\"lazy\" decoding=\"async\" width=\"500\" height=\"662\" src=\"http:\/\/janadamek.malopolska.pl\/wp-content\/uploads\/2023\/02\/JAdamek-ostatnie-zdjecie.jpg\" alt=\"\" class=\"wp-image-378\" srcset=\"https:\/\/janadamek.malopolska.pl\/wp-content\/uploads\/2023\/02\/JAdamek-ostatnie-zdjecie.jpg 500w, https:\/\/janadamek.malopolska.pl\/wp-content\/uploads\/2023\/02\/JAdamek-ostatnie-zdjecie-227x300.jpg 227w\" sizes=\"auto, (max-width: 500px) 100vw, 500px\" \/><figcaption class=\"wp-element-caption\">Jan Adamek w Nowym Brzesku<\/figcaption><\/figure>\n<\/div>\n\n<div class=\"wp-block-image\">\n<figure class=\"aligncenter size-full\"><img loading=\"lazy\" decoding=\"async\" width=\"520\" height=\"661\" src=\"http:\/\/janadamek.malopolska.pl\/wp-content\/uploads\/2023\/02\/JanAdamek-w-Nowym-Brzesku.jpg\" alt=\"\" class=\"wp-image-514\" srcset=\"https:\/\/janadamek.malopolska.pl\/wp-content\/uploads\/2023\/02\/JanAdamek-w-Nowym-Brzesku.jpg 520w, https:\/\/janadamek.malopolska.pl\/wp-content\/uploads\/2023\/02\/JanAdamek-w-Nowym-Brzesku-236x300.jpg 236w\" sizes=\"auto, (max-width: 520px) 100vw, 520px\" \/><figcaption class=\"wp-element-caption\">Jan Adamek w Nowym Brzesku<\/figcaption><\/figure>\n<\/div>\n\n\n<p class=\"has-small-font-size\"><\/p>\n\n\n\n<p class=\"has-small-font-size\"><\/p>\n","protected":false},"excerpt":{"rendered":"<p>powr\u00f3t FOTOGRAFIE<\/p>\n","protected":false},"author":1,"featured_media":0,"parent":0,"menu_order":0,"comment_status":"closed","ping_status":"closed","template":"","meta":{"footnotes":""},"class_list":["post-106","page","type-page","status-publish","hentry"],"_links":{"self":[{"href":"https:\/\/janadamek.malopolska.pl\/index.php\/wp-json\/wp\/v2\/pages\/106","targetHints":{"allow":["GET"]}}],"collection":[{"href":"https:\/\/janadamek.malopolska.pl\/index.php\/wp-json\/wp\/v2\/pages"}],"about":[{"href":"https:\/\/janadamek.malopolska.pl\/index.php\/wp-json\/wp\/v2\/types\/page"}],"author":[{"embeddable":true,"href":"https:\/\/janadamek.malopolska.pl\/index.php\/wp-json\/wp\/v2\/users\/1"}],"replies":[{"embeddable":true,"href":"https:\/\/janadamek.malopolska.pl\/index.php\/wp-json\/wp\/v2\/comments?post=106"}],"version-history":[{"count":16,"href":"https:\/\/janadamek.malopolska.pl\/index.php\/wp-json\/wp\/v2\/pages\/106\/revisions"}],"predecessor-version":[{"id":837,"href":"https:\/\/janadamek.malopolska.pl\/index.php\/wp-json\/wp\/v2\/pages\/106\/revisions\/837"}],"wp:attachment":[{"href":"https:\/\/janadamek.malopolska.pl\/index.php\/wp-json\/wp\/v2\/media?parent=106"}],"curies":[{"name":"wp","href":"https:\/\/api.w.org\/{rel}","templated":true}]}}